{"id":99,"date":"2019-09-11T19:21:46","date_gmt":"2019-09-11T16:21:46","guid":{"rendered":"http:\/\/192.168.99.100:8000\/?page_id=99"},"modified":"2025-06-05T21:12:58","modified_gmt":"2025-06-05T21:12:58","slug":"orkesterisymbaalit","status":"publish","type":"page","link":"https:\/\/www.bosphorus.fi\/?page_id=99","title":{"rendered":"Orkesterisymbaalit"},"content":{"rendered":"\n<p class=\"has-text-align-justify\"><strong><em>Orkesterisymbaalit<\/em><\/strong> I Orkesteriammattilaisen testaamat symbaaliparit. Saatavilla my\u00f6s medium-paksuinen versio erityisherkkyytt\u00e4 vaativaan k\u00e4ytt\u00f6\u00f6n. <\/p>\n\n\n<div class=\"wp-block-image\">\n<figure class=\"aligncenter is-resized\"><img decoding=\"async\" src=\"\/uploads\/images\/awww20ork.jpg\" alt=\"\" style=\"width:615px;height:391px\"\/><figcaption class=\"wp-element-caption\"><strong><span class=\"has-inline-color has-dark-gray-color\">20&#8243; A2 pari<\/span><\/strong><\/figcaption><\/figure>\n<\/div>\n\n\n<figure class=\"wp-block-table alignwide is-style-stripes\"><table><tbody><tr><td><strong>Koko<\/strong><\/td><td><strong>Tyyppi, malli ja paino<\/strong><\/td><td><strong><strong>Varastohinta, ei sis\u00e4ll\u00e4 ALVia<\/strong><\/strong><\/td><td><strong>Lis\u00e4tietoja<\/strong><\/td><\/tr><tr><td>20&#8243;<\/td><td>A2 medium 2300g\/2310g<\/td><td>600 e<\/td><td>esittelyk\u00e4ytetty<\/td><\/tr><tr><td>20&#8243;<\/td><td>Special3 medium heavy 2398g\/2403g<\/td><td>780 e<\/td><td>esittelyk\u00e4ytetty VARATTU<\/td><\/tr><tr><td>20&#8243;<\/td><td>A2 medium brilliant 2318g\/2300g<\/td><td>600 e<\/td><td>esittelyk\u00e4ytetty  VARATTU<\/td><\/tr><tr><td>18&#8243;<\/td><td>Control medium 1520g\/1476g<\/td><td>480 e<\/td><td>esittelyk\u00e4ytetty  VARATTU<\/td><\/tr><tr><td>17&#8243;<\/td><td>Control 1276g\/1240g<\/td><td>450 e<\/td><td>esittelyk\u00e4ytetty  VARATTU<\/td><\/tr><tr><td><\/td><td><\/td><td><\/td><td><em>lis\u00e4\u00e4 kokoja, malleja ja tyyppej\u00e4 on saatavana tilauksesta<\/em><\/td><\/tr><\/tbody><\/table><\/figure>\n","protected":false},"excerpt":{"rendered":"<p>Orkesterisymbaalit I Orkesteriammattilaisen testaamat symbaaliparit. Saatavilla my\u00f6s medium-paksuinen versio erityisherkkyytt\u00e4 vaativaan k\u00e4ytt\u00f6\u00f6n. Koko Tyyppi, malli ja paino Varastohinta, ei sis\u00e4ll\u00e4 ALVia Lis\u00e4tietoja 20&#8243; A2 medium 2300g\/2310g 600 e esittelyk\u00e4ytetty 20&#8243; Special3 medium heavy 2398g\/2403g 780 e esittelyk\u00e4ytetty VARATTU 20&#8243; A2 medium brilliant 2318g\/2300g 600 e esittelyk\u00e4ytetty VARATTU 18&#8243; Control medium 1520g\/1476g 480 e esittelyk\u00e4ytetty VARATTU &hellip; <\/p>\n<p class=\"link-more\"><a href=\"https:\/\/www.bosphorus.fi\/?page_id=99\" class=\"more-link\">Jatka lukemista<span class=\"screen-reader-text\"> &#8221;Orkesterisymbaalit&#8221;<\/span><\/a><\/p>\n","protected":false},"author":1,"featured_media":0,"parent":9,"menu_order":0,"comment_status":"closed","ping_status":"closed","template":"page_bosphorus.php","meta":{"_editorskit_title_hidden":false,"_editorskit_reading_time":1,"_editorskit_is_block_options_detached":false,"_editorskit_block_options_position":"{}","footnotes":""},"class_list":["post-99","page","type-page","status-publish","hentry","entry"],"_links":{"self":[{"href":"https:\/\/www.bosphorus.fi\/index.php?rest_route=\/wp\/v2\/pages\/99","targetHints":{"allow":["GET"]}}],"collection":[{"href":"https:\/\/www.bosphorus.fi\/index.php?rest_route=\/wp\/v2\/pages"}],"about":[{"href":"https:\/\/www.bosphorus.fi\/index.php?rest_route=\/wp\/v2\/types\/page"}],"author":[{"embeddable":true,"href":"https:\/\/www.bosphorus.fi\/index.php?rest_route=\/wp\/v2\/users\/1"}],"replies":[{"embeddable":true,"href":"https:\/\/www.bosphorus.fi\/index.php?rest_route=%2Fwp%2Fv2%2Fcomments&post=99"}],"version-history":[{"count":31,"href":"https:\/\/www.bosphorus.fi\/index.php?rest_route=\/wp\/v2\/pages\/99\/revisions"}],"predecessor-version":[{"id":3021,"href":"https:\/\/www.bosphorus.fi\/index.php?rest_route=\/wp\/v2\/pages\/99\/revisions\/3021"}],"up":[{"embeddable":true,"href":"https:\/\/www.bosphorus.fi\/index.php?rest_route=\/wp\/v2\/pages\/9"}],"wp:attachment":[{"href":"https:\/\/www.bosphorus.fi\/index.php?rest_route=%2Fwp%2Fv2%2Fmedia&parent=99"}],"curies":[{"name":"wp","href":"https:\/\/api.w.org\/{rel}","templated":true}]}}