{"id":97,"date":"2019-09-11T19:19:30","date_gmt":"2019-09-11T16:19:30","guid":{"rendered":"http:\/\/192.168.99.100:8000\/?page_id=97"},"modified":"2025-05-09T12:36:10","modified_gmt":"2025-05-09T12:36:10","slug":"fx-symbaalit-hole","status":"publish","type":"page","link":"https:\/\/www.bosphorus.fi\/?page_id=97","title":{"rendered":"FX &#038; Flanger Crash"},"content":{"rendered":"\n<p class=\"has-text-align-justify\">FX symbaalit ovat ohuita efektinomaisia crash-symbaaleja. FX6  symbaaliin on porattu kuusi suurta reik\u00e4\u00e4, kukin halkaisijaltaan 5cm. FX12 symbaalissa on kaksitoista pienemp\u00e4\u00e4 halkaisijoiltaan 3cm reik\u00e4\u00e4. FX18 on runsaimmin rei&#8217;itetty ja siin\u00e4 yhdistyv\u00e4t edell\u00e4mainitut 6 suurta ja 12 pienemp\u00e4\u00e4 reik\u00e4\u00e4. FX18 mallissa sointi on china-tyyppist\u00e4 symbaalia muistuttava vaikka onkin sit\u00e4 selke\u00e4sti pehme\u00e4mpi. FX6 on hieman l\u00e4hemp\u00e4n\u00e4 tavallista crash-symbaalia mutta erottuu hyvin edukseen savuisen kohisevalla &#8221;trash&#8221; soinnillaan. Erilaisia rei&#8217;itysvaihtoehtoja on saatavana tilauksesta ja siten variaatioiden mahdollisuudet ovat loputtomat. <br><br>Flanger Crash on efektisymbaali, jonka valmistuksessa symbaalin j\u00e4nnite on j\u00e4tetty &#8221;l\u00f6ys\u00e4ksi&#8221; ja n\u00e4in sen v\u00e4r\u00e4htely on maksimaalista. T\u00e4m\u00e4 tuottaa elektronisen flanger-efektin kaltaisen voimakkaasti nopeammin tai hitaammin aaltoilevan soinnin. T\u00e4m\u00e4n symbaalin syttyvyys on todella herkk\u00e4 ja sit\u00e4 on helppo soittaa my\u00f6s paljain k\u00e4sin.<\/p>\n\n\n<div class=\"wp-block-image\">\n<figure class=\"alignleft is-resized\"><img decoding=\"async\" src=\"\/uploads\/images\/16hole.jpg\" alt=\"\" style=\"width:345px;height:359px\"\/><figcaption class=\"wp-element-caption\"><mark style=\"background-color:rgba(0, 0, 0, 0)\" class=\"has-inline-color has-dark-gray-color\"><strong>16&#8243; Gold FX6<\/strong> <\/mark><\/figcaption><\/figure>\n<\/div>\n\n<div class=\"wp-block-image\">\n<figure class=\"alignleft is-resized\"><img decoding=\"async\" src=\"\/uploads\/images\/16holex.jpg\" alt=\"\" style=\"width:349px;height:359px\"\/><figcaption class=\"wp-element-caption\"><strong><span class=\"has-inline-color has-dark-gray-color\">16&#8243; Gold FX18<\/span><\/strong><\/figcaption><\/figure>\n<\/div>\n\n\n<p><\/p>\n\n\n\n<p><\/p>\n\n\n\n<figure class=\"wp-block-image size-large is-resized\"><img loading=\"lazy\" decoding=\"async\" width=\"1024\" height=\"907\" src=\"https:\/\/www.bosphorus.fi\/wp-content\/uploads\/TkFx1820m1-1024x907.jpg\" alt=\"\" class=\"wp-image-783\" style=\"width:453px;height:400px\" srcset=\"https:\/\/www.bosphorus.fi\/wp-content\/uploads\/TkFx1820m1-1024x907.jpg 1024w, https:\/\/www.bosphorus.fi\/wp-content\/uploads\/TkFx1820m1-300x266.jpg 300w, https:\/\/www.bosphorus.fi\/wp-content\/uploads\/TkFx1820m1-768x680.jpg 768w, https:\/\/www.bosphorus.fi\/wp-content\/uploads\/TkFx1820m1.jpg 1293w\" sizes=\"auto, (max-width: 1024px) 100vw, 1024px\" \/><figcaption class=\"wp-element-caption\"><mark style=\"background-color:rgba(0, 0, 0, 0)\" class=\"has-inline-color has-dark-gray-color\"><strong>20&#8243; Turk FX18<\/strong> <\/mark>                      <\/figcaption><\/figure>\n\n\n\n<figure class=\"wp-block-image size-large is-resized\"><img loading=\"lazy\" decoding=\"async\" width=\"1024\" height=\"882\" src=\"https:\/\/www.bosphorus.fi\/wp-content\/uploads\/TkFx12m1-1024x882.jpg\" alt=\"\" class=\"wp-image-848\" style=\"width:454px;height:391px\" srcset=\"https:\/\/www.bosphorus.fi\/wp-content\/uploads\/TkFx12m1-1024x882.jpg 1024w, https:\/\/www.bosphorus.fi\/wp-content\/uploads\/TkFx12m1-300x259.jpg 300w, https:\/\/www.bosphorus.fi\/wp-content\/uploads\/TkFx12m1-768x662.jpg 768w, https:\/\/www.bosphorus.fi\/wp-content\/uploads\/TkFx12m1.jpg 1085w\" sizes=\"auto, (max-width: 1024px) 100vw, 1024px\" \/><figcaption class=\"wp-element-caption\"><strong><span class=\"has-inline-color has-dark-gray-color\">14&#8243; Turk FX12<\/span><\/strong>                                                                 <\/figcaption><\/figure>\n\n\n\n<figure class=\"wp-block-image size-large is-resized\"><img loading=\"lazy\" decoding=\"async\" width=\"1024\" height=\"910\" src=\"https:\/\/www.bosphorus.fi\/wp-content\/uploads\/Flanger17-1024x910.jpg\" alt=\"\" class=\"wp-image-1211\" style=\"width:454px;height:402px\" srcset=\"https:\/\/www.bosphorus.fi\/wp-content\/uploads\/Flanger17-1024x910.jpg 1024w, https:\/\/www.bosphorus.fi\/wp-content\/uploads\/Flanger17-300x267.jpg 300w, https:\/\/www.bosphorus.fi\/wp-content\/uploads\/Flanger17-768x682.jpg 768w, https:\/\/www.bosphorus.fi\/wp-content\/uploads\/Flanger17-1536x1365.jpg 1536w, https:\/\/www.bosphorus.fi\/wp-content\/uploads\/Flanger17-2048x1820.jpg 2048w, https:\/\/www.bosphorus.fi\/wp-content\/uploads\/Flanger17-1568x1393.jpg 1568w\" sizes=\"auto, (max-width: 1024px) 100vw, 1024px\" \/><figcaption class=\"wp-element-caption\"><strong><span class=\"has-inline-color has-dark-gray-color\">17&#8243; Flanger Crash<\/span> <\/strong>                                     <\/figcaption><\/figure>\n\n\n\n<figure class=\"wp-block-table alignwide is-style-stripes\"><table><tbody><tr><td><strong>Koko<\/strong><\/td><td><strong>Tyyppi, malli ja paino<\/strong><\/td><td><strong>Varastohinta, ei sis\u00e4ll\u00e4 ALVia<\/strong><\/td><td><strong>Lis\u00e4tiedot<\/strong><\/td><\/tr><tr><td>20&#8243;<\/td><td>Turk FX18 crash 1780g<\/td><td>295 e<\/td><td>esittelyk\u00e4ytetty<\/td><\/tr><tr><td>18&#8243;<\/td><td>Turk Special FX18 crash 1350g<\/td><td>265 e<\/td><td>esittelyk\u00e4ytetty<\/td><\/tr><tr><td>18&#8243;<\/td><td>Gold FX6 crash 1262g<\/td><td>235 e<\/td><td><\/td><\/tr><tr><td>18&#8243;<\/td><td>Gold FX18 crash 1254g<\/td><td>235 e<\/td><td>esittelyk\u00e4ytetty<\/td><\/tr><tr><td>18&#8243;<\/td><td>Traditional FX18 crash 1248g<\/td><td>235 e<\/td><td>esittelyk\u00e4ytetty VARATTU<\/td><\/tr><tr><td>18&#8243;<\/td><td>Traditional FX6 crash 1220g<\/td><td>235 e<\/td><td>esittelyk\u00e4ytetty VARATTU<\/td><\/tr><tr><td>17&#8243;<\/td><td>Traditional FX18  940g<\/td><td>218 e<\/td><td><\/td><\/tr><tr><td>16&#8243;<\/td><td>Gold FX6 crash 840g<\/td><td>195 e<\/td><td>esittelyk\u00e4ytetty<\/td><\/tr><tr><td>16&#8243;<\/td><td>Turk FX6 crash 926g<\/td><td>195 e<\/td><td>esittelyk\u00e4ytetty VARATTU<\/td><\/tr><tr><td>16&#8243;<\/td><td>Traditional FX6 crash 833g<\/td><td>195 e<\/td><td><\/td><\/tr><tr><td>16&#8243;<\/td><td>Traditional FX6 crash 820g<\/td><td>195 e<\/td><td>esittelyk\u00e4ytetty<\/td><\/tr><tr><td>16&#8243;<\/td><td>Turk special FX12 china 859g<\/td><td>255 e<\/td><td>esittelyk\u00e4ytetty VARATTU<\/td><\/tr><tr><td>14&#8243;<\/td><td>Gold FX6 crash 526g<\/td><td>165 e<\/td><td>esittelyk\u00e4ytetty<\/td><\/tr><tr><td>12&#8243;<\/td><td>New Orleans FX12 splash 348g<\/td><td>145 e<\/td><td>esittelyk\u00e4ytetty VARATTU<\/td><\/tr><tr><td>17&#8243;<\/td><td>Flanger Crash 972g<\/td><td>270 e<\/td><td>esittelyk\u00e4ytetty<\/td><\/tr><tr><td>16&#8243;<\/td><td>Flanger Crash 916g<\/td><td>245 e<\/td><td>esittelyk\u00e4ytetty<\/td><\/tr><tr><td>14&#8243;<\/td><td>Flanger Crash 608g<\/td><td>195 e<\/td><td>esittelyk\u00e4ytetty<\/td><\/tr><tr><td>12&#8243;<\/td><td>Flanger Splash 398g<\/td><td>165 e<\/td><td>esittelyk\u00e4ytetty<\/td><\/tr><tr><td>12&#8243;<\/td><td>Flanger Splash 370g<\/td><td>165 e<\/td><td>esittelyk\u00e4ytetty<\/td><\/tr><tr><td><\/td><td><\/td><td><\/td><td><em>lis\u00e4\u00e4 kokoja, malleja ja tyyppej\u00e4 on saatavana tilauksesta<\/em><\/td><\/tr><\/tbody><\/table><\/figure>\n","protected":false},"excerpt":{"rendered":"<p>FX symbaalit ovat ohuita efektinomaisia crash-symbaaleja. FX6 symbaaliin on porattu kuusi suurta reik\u00e4\u00e4, kukin halkaisijaltaan 5cm. FX12 symbaalissa on kaksitoista pienemp\u00e4\u00e4 halkaisijoiltaan 3cm reik\u00e4\u00e4. FX18 on runsaimmin rei&#8217;itetty ja siin\u00e4 yhdistyv\u00e4t edell\u00e4mainitut 6 suurta ja 12 pienemp\u00e4\u00e4 reik\u00e4\u00e4. FX18 mallissa sointi on china-tyyppist\u00e4 symbaalia muistuttava vaikka onkin sit\u00e4 selke\u00e4sti pehme\u00e4mpi. FX6 on hieman l\u00e4hemp\u00e4n\u00e4 tavallista &hellip; <\/p>\n<p class=\"link-more\"><a href=\"https:\/\/www.bosphorus.fi\/?page_id=97\" class=\"more-link\">Jatka lukemista<span class=\"screen-reader-text\"> &#8221;FX &#038; Flanger Crash&#8221;<\/span><\/a><\/p>\n","protected":false},"author":1,"featured_media":0,"parent":9,"menu_order":0,"comment_status":"closed","ping_status":"closed","template":"page_bosphorus.php","meta":{"_editorskit_title_hidden":false,"_editorskit_reading_time":2,"_editorskit_is_block_options_detached":false,"_editorskit_block_options_position":"{}","footnotes":""},"class_list":["post-97","page","type-page","status-publish","hentry","entry"],"_links":{"self":[{"href":"https:\/\/www.bosphorus.fi\/index.php?rest_route=\/wp\/v2\/pages\/97","targetHints":{"allow":["GET"]}}],"collection":[{"href":"https:\/\/www.bosphorus.fi\/index.php?rest_route=\/wp\/v2\/pages"}],"about":[{"href":"https:\/\/www.bosphorus.fi\/index.php?rest_route=\/wp\/v2\/types\/page"}],"author":[{"embeddable":true,"href":"https:\/\/www.bosphorus.fi\/index.php?rest_route=\/wp\/v2\/users\/1"}],"replies":[{"embeddable":true,"href":"https:\/\/www.bosphorus.fi\/index.php?rest_route=%2Fwp%2Fv2%2Fcomments&post=97"}],"version-history":[{"count":81,"href":"https:\/\/www.bosphorus.fi\/index.php?rest_route=\/wp\/v2\/pages\/97\/revisions"}],"predecessor-version":[{"id":2979,"href":"https:\/\/www.bosphorus.fi\/index.php?rest_route=\/wp\/v2\/pages\/97\/revisions\/2979"}],"up":[{"embeddable":true,"href":"https:\/\/www.bosphorus.fi\/index.php?rest_route=\/wp\/v2\/pages\/9"}],"wp:attachment":[{"href":"https:\/\/www.bosphorus.fi\/index.php?rest_route=%2Fwp%2Fv2%2Fmedia&parent=97"}],"curies":[{"name":"wp","href":"https:\/\/api.w.org\/{rel}","templated":true}]}}