{"id":93,"date":"2019-09-11T19:07:07","date_gmt":"2019-09-11T16:07:07","guid":{"rendered":"http:\/\/192.168.99.100:8000\/?page_id=93"},"modified":"2025-06-05T20:33:58","modified_gmt":"2025-06-05T20:33:58","slug":"samba-series","status":"publish","type":"page","link":"https:\/\/www.bosphorus.fi\/?page_id=93","title":{"rendered":"Samba"},"content":{"rendered":"\n<p class=\"has-text-align-justify\"><em><strong>Samba-sarja<\/strong> <\/em>I<em> Monik\u00e4ytt\u00f6isyytt\u00e4 tyyleist\u00e4 riippumatta<\/em>.<br><br>\u201dJos soitat akustista musiikkia (tai vahvistettua jossa \u00e4\u00e4nenvoimakkuus on matala tai keskitasoinen), joudut todella etsim\u00e4\u00e4n l\u00f6yt\u00e4\u00e4ksesi Samba-sarjaa hienoviritteisempi\u00e4 ja musikaalisempia symbaaleita. N\u00e4m\u00e4 ovat samba-musiikin lis\u00e4ksi moniin tyyleihin soveltuvia symbaaleja, joiden moniulotteinen ik\u00e4\u00e4ntyneen symbaalin s\u00e4vy ja ilmaisuvoimainen herkkyys ovat ominaisuuksia jotka yhdess\u00e4 takaavat suunnattoman nautinnollisen soittokokemuksen.\u201d  <em>David E. Libman \/ DRUM! Magazine \/ Tammikuu 2013<\/em><\/p>\n\n\n<div class=\"wp-block-image\">\n<figure class=\"aligncenter\"><img decoding=\"async\" src=\"\/uploads\/images\/Sambaset2.jpg\" alt=\"\"\/><figcaption class=\"wp-element-caption\"><strong><span class=\"has-inline-color has-dark-gray-color\">Samba-sarjan symbaaleja<\/span><\/strong><\/figcaption><\/figure>\n<\/div>\n\n\n<figure class=\"wp-block-table alignwide is-style-stripes\"><table><tbody><tr><td><strong>Koko<\/strong><\/td><td><strong>Tyyppi, malli ja paino<\/strong><\/td><td><strong><strong>Varastohinta, ei sis\u00e4ll\u00e4 ALVia<\/strong><\/strong><\/td><td><strong>Lis\u00e4tietoja<\/strong><\/td><\/tr><tr><td>22&#8243;<\/td><td>Ride thin 2514g<\/td><td>440 e<\/td><td>esittelyk\u00e4ytetty VARATTU<\/td><\/tr><tr><td>20&#8243;<\/td><td>Crash Ride paper thin 1809g<\/td><td>380 e<\/td><td>esittelyk\u00e4ytetty<\/td><\/tr><tr><td>18&#8243;<\/td><td>Crash Ride thin 1394g<\/td><td>295 e<\/td><td>esittelyk\u00e4ytetty<\/td><\/tr><tr><td>14&#8243;<\/td><td>Hihat medium thin 996g\/1204g<\/td><td>455 e<\/td><td>esittelyk\u00e4ytetty<\/td><\/tr><tr><td><\/td><td><\/td><td><\/td><td><em>lis\u00e4\u00e4 kokoja, malleja ja tyyppej\u00e4 on saatavana tilauksesta<\/em><\/td><\/tr><\/tbody><\/table><\/figure>\n","protected":false},"excerpt":{"rendered":"<p>Samba-sarja I Monik\u00e4ytt\u00f6isyytt\u00e4 tyyleist\u00e4 riippumatta. \u201dJos soitat akustista musiikkia (tai vahvistettua jossa \u00e4\u00e4nenvoimakkuus on matala tai keskitasoinen), joudut todella etsim\u00e4\u00e4n l\u00f6yt\u00e4\u00e4ksesi Samba-sarjaa hienoviritteisempi\u00e4 ja musikaalisempia symbaaleita. N\u00e4m\u00e4 ovat samba-musiikin lis\u00e4ksi moniin tyyleihin soveltuvia symbaaleja, joiden moniulotteinen ik\u00e4\u00e4ntyneen symbaalin s\u00e4vy ja ilmaisuvoimainen herkkyys ovat ominaisuuksia jotka yhdess\u00e4 takaavat suunnattoman nautinnollisen soittokokemuksen.\u201d David E. Libman \/ DRUM! &hellip; <\/p>\n<p class=\"link-more\"><a href=\"https:\/\/www.bosphorus.fi\/?page_id=93\" class=\"more-link\">Jatka lukemista<span class=\"screen-reader-text\"> &#8221;Samba&#8221;<\/span><\/a><\/p>\n","protected":false},"author":1,"featured_media":0,"parent":9,"menu_order":0,"comment_status":"closed","ping_status":"closed","template":"page_bosphorus.php","meta":{"_editorskit_title_hidden":false,"_editorskit_reading_time":1,"_editorskit_is_block_options_detached":false,"_editorskit_block_options_position":"{}","footnotes":""},"class_list":["post-93","page","type-page","status-publish","hentry","entry"],"_links":{"self":[{"href":"https:\/\/www.bosphorus.fi\/index.php?rest_route=\/wp\/v2\/pages\/93","targetHints":{"allow":["GET"]}}],"collection":[{"href":"https:\/\/www.bosphorus.fi\/index.php?rest_route=\/wp\/v2\/pages"}],"about":[{"href":"https:\/\/www.bosphorus.fi\/index.php?rest_route=\/wp\/v2\/types\/page"}],"author":[{"embeddable":true,"href":"https:\/\/www.bosphorus.fi\/index.php?rest_route=\/wp\/v2\/users\/1"}],"replies":[{"embeddable":true,"href":"https:\/\/www.bosphorus.fi\/index.php?rest_route=%2Fwp%2Fv2%2Fcomments&post=93"}],"version-history":[{"count":30,"href":"https:\/\/www.bosphorus.fi\/index.php?rest_route=\/wp\/v2\/pages\/93\/revisions"}],"predecessor-version":[{"id":3005,"href":"https:\/\/www.bosphorus.fi\/index.php?rest_route=\/wp\/v2\/pages\/93\/revisions\/3005"}],"up":[{"embeddable":true,"href":"https:\/\/www.bosphorus.fi\/index.php?rest_route=\/wp\/v2\/pages\/9"}],"wp:attachment":[{"href":"https:\/\/www.bosphorus.fi\/index.php?rest_route=%2Fwp%2Fv2%2Fmedia&parent=93"}],"curies":[{"name":"wp","href":"https:\/\/api.w.org\/{rel}","templated":true}]}}