{"id":91,"date":"2019-09-11T19:03:41","date_gmt":"2019-09-11T16:03:41","guid":{"rendered":"http:\/\/192.168.99.100:8000\/?page_id=91"},"modified":"2025-06-05T20:31:39","modified_gmt":"2025-06-05T20:31:39","slug":"jazz-master-hammer-series","status":"publish","type":"page","link":"https:\/\/www.bosphorus.fi\/?page_id=91","title":{"rendered":"Jazz Master\/Hammer"},"content":{"rendered":"\n<p class=\"has-text-align-justify\"><em><strong>Jazz Master-sarja<\/strong> <\/em>I<em> Puhtaan soinnin arvokkuutta ja selke\u00e4\u00e4 erottelevuutta.<\/em><br><br>Jazz Master puhuu jazz-musiikin kielt\u00e4. N\u00e4m\u00e4 alansa modernit helmet tarjoavat puhtaan soinnin, joka on selke\u00e4n erotteleva ja arvokas. Symbaalien sointi on perusluonteeltaan puhdas, mutta tarvittaessa kuitenkin r\u00e4j\u00e4ht\u00e4v\u00e4n herkk\u00e4.<br><br>Sarja lanseerattiin alunperin nimell\u00e4 &#8221;Hammer&#8221; ja se suunniteltiin yhteisty\u00f6ss\u00e4 yhdysvaltalaisen Jeff Hamiltonin kanssa. Uudessa Jazz Master-sarjassa on Hammer-sarjan symbaaleista poiketen raidoille sorvattu kupu sek\u00e4 laajempi valikoima eri kokoja.<\/p>\n\n\n<div class=\"wp-block-image\">\n<figure class=\"aligncenter size-large\"><img loading=\"lazy\" decoding=\"async\" width=\"1024\" height=\"806\" src=\"https:\/\/www.bosphorus.fi\/wp-content\/uploads\/BOS21jm1b-1-1024x806.jpg\" alt=\"\" class=\"wp-image-685\" srcset=\"https:\/\/www.bosphorus.fi\/wp-content\/uploads\/BOS21jm1b-1-1024x806.jpg 1024w, https:\/\/www.bosphorus.fi\/wp-content\/uploads\/BOS21jm1b-1-300x236.jpg 300w, https:\/\/www.bosphorus.fi\/wp-content\/uploads\/BOS21jm1b-1-768x605.jpg 768w, https:\/\/www.bosphorus.fi\/wp-content\/uploads\/BOS21jm1b-1-1536x1209.jpg 1536w, https:\/\/www.bosphorus.fi\/wp-content\/uploads\/BOS21jm1b-1-1568x1234.jpg 1568w, https:\/\/www.bosphorus.fi\/wp-content\/uploads\/BOS21jm1b-1.jpg 1865w\" sizes=\"auto, (max-width: 1024px) 100vw, 1024px\" \/><figcaption class=\"wp-element-caption\"><strong><span class=\"has-inline-color has-dark-gray-color\">Jazz Master-sarjan symbaaleja<\/span><\/strong><\/figcaption><\/figure>\n<\/div>\n\n\n<figure class=\"wp-block-table is-style-stripes\"><table><tbody><tr><td><strong>Koko<\/strong><\/td><td><strong>Tyyppi, malli ja paino<\/strong><\/td><td><strong><strong>Varastohinta, ei sis\u00e4ll\u00e4 ALVia<\/strong><\/strong><\/td><td><strong>Lis\u00e4tietoja<\/strong><\/td><\/tr><tr><td>22&#8243;<\/td><td>Jazz Master ride 2470g<\/td><td>445 e<\/td><td>esittelyk\u00e4ytetty<\/td><\/tr><tr><td>14&#8243;<\/td><td>Jazz Master hihat 880g\/1216g<\/td><td>445 e<\/td><td>esittelyk\u00e4ytetty<\/td><\/tr><tr><td>22&#8243;<\/td><td>Jazz Master china 1863g<\/td><td>595 e<\/td><td>esittelyk\u00e4ytetty<\/td><\/tr><tr><td>21&#8243;<\/td><td>Hammer ride special thin 1750g <\/td><td>455 e<\/td><td>esittelyk\u00e4ytetty VARATTU<\/td><\/tr><tr><td>20&#8243;<\/td><td>Hammer ride special thin 1527g<\/td><td>380 e<\/td><td>esittelyk\u00e4ytetty VARATTU<\/td><\/tr><tr><td>14&#8243;<\/td><td>Hammer hihat 811g\/1186g<\/td><td>495 e<\/td><td>esittelyk\u00e4ytetty<\/td><\/tr><tr><td>14&#8243;<\/td><td>Hammer hihat 810g\/1210g<\/td><td>495 e<\/td><td>esittelyk\u00e4ytetty<\/td><\/tr><tr><td><\/td><td><\/td><td><\/td><td><em>lis\u00e4\u00e4 kokoja, malleja ja tyyppej\u00e4 on saatavana tilauksesta<\/em><\/td><\/tr><\/tbody><\/table><\/figure>\n","protected":false},"excerpt":{"rendered":"<p>Jazz Master-sarja I Puhtaan soinnin arvokkuutta ja selke\u00e4\u00e4 erottelevuutta. Jazz Master puhuu jazz-musiikin kielt\u00e4. N\u00e4m\u00e4 alansa modernit helmet tarjoavat puhtaan soinnin, joka on selke\u00e4n erotteleva ja arvokas. Symbaalien sointi on perusluonteeltaan puhdas, mutta tarvittaessa kuitenkin r\u00e4j\u00e4ht\u00e4v\u00e4n herkk\u00e4. Sarja lanseerattiin alunperin nimell\u00e4 &#8221;Hammer&#8221; ja se suunniteltiin yhteisty\u00f6ss\u00e4 yhdysvaltalaisen Jeff Hamiltonin kanssa. Uudessa Jazz Master-sarjassa on Hammer-sarjan &hellip; <\/p>\n<p class=\"link-more\"><a href=\"https:\/\/www.bosphorus.fi\/?page_id=91\" class=\"more-link\">Jatka lukemista<span class=\"screen-reader-text\"> &#8221;Jazz Master\/Hammer&#8221;<\/span><\/a><\/p>\n","protected":false},"author":1,"featured_media":0,"parent":9,"menu_order":0,"comment_status":"closed","ping_status":"closed","template":"page_bosphorus.php","meta":{"_editorskit_title_hidden":false,"_editorskit_reading_time":1,"_editorskit_is_block_options_detached":false,"_editorskit_block_options_position":"{}","footnotes":""},"class_list":["post-91","page","type-page","status-publish","hentry","entry"],"_links":{"self":[{"href":"https:\/\/www.bosphorus.fi\/index.php?rest_route=\/wp\/v2\/pages\/91","targetHints":{"allow":["GET"]}}],"collection":[{"href":"https:\/\/www.bosphorus.fi\/index.php?rest_route=\/wp\/v2\/pages"}],"about":[{"href":"https:\/\/www.bosphorus.fi\/index.php?rest_route=\/wp\/v2\/types\/page"}],"author":[{"embeddable":true,"href":"https:\/\/www.bosphorus.fi\/index.php?rest_route=\/wp\/v2\/users\/1"}],"replies":[{"embeddable":true,"href":"https:\/\/www.bosphorus.fi\/index.php?rest_route=%2Fwp%2Fv2%2Fcomments&post=91"}],"version-history":[{"count":49,"href":"https:\/\/www.bosphorus.fi\/index.php?rest_route=\/wp\/v2\/pages\/91\/revisions"}],"predecessor-version":[{"id":3003,"href":"https:\/\/www.bosphorus.fi\/index.php?rest_route=\/wp\/v2\/pages\/91\/revisions\/3003"}],"up":[{"embeddable":true,"href":"https:\/\/www.bosphorus.fi\/index.php?rest_route=\/wp\/v2\/pages\/9"}],"wp:attachment":[{"href":"https:\/\/www.bosphorus.fi\/index.php?rest_route=%2Fwp%2Fv2%2Fmedia&parent=91"}],"curies":[{"name":"wp","href":"https:\/\/api.w.org\/{rel}","templated":true}]}}