{"id":89,"date":"2019-09-11T19:00:46","date_gmt":"2019-09-11T16:00:46","guid":{"rendered":"http:\/\/192.168.99.100:8000\/?page_id=89"},"modified":"2025-03-28T09:06:27","modified_gmt":"2025-03-28T09:06:27","slug":"lyric-series","status":"publish","type":"page","link":"https:\/\/www.bosphorus.fi\/?page_id=89","title":{"rendered":"Lyric"},"content":{"rendered":"\n<p class=\"has-text-align-justify\"><em><strong>Lyric-sarja<\/strong> <\/em>I<em> Ari Hoenig\u2019n kanssa yhteisty\u00f6ss\u00e4 suunniteltu upea s\u00e4vyjen yhdistelm\u00e4.<\/em><br><br>Yhdysvaltalaisen Ari Hoenig\u2019n kanssa suunniteltu sarja ilment\u00e4\u00e4 Hoenig\u2019n erityist\u00e4 musiikillista luonnetta yhdist\u00e4en s\u00e4vyj\u00e4 ja ominaisuuksia hienostuneella tavalla. Linjasto koostuu 23\u201d ride-symbaalista, 21\u201d sizzle ride-symbaalista ja 14\u201d hihat symbaaliparista. Kummatkin ride-symbaalit ovat kapulasoinniltaan selke\u00e4sti erottelevia ja n\u00e4ist\u00e4 kahdesta 23\u201d ride tarjoaa 21\u201d sizzle-versiota kirkkaamman soinnin.<\/p>\n\n\n<div class=\"wp-block-image\">\n<figure class=\"aligncenter\"><img decoding=\"async\" src=\"\/uploads\/images\/lyric-set2b.jpg\" alt=\"\"\/><figcaption class=\"wp-element-caption\"><strong><span class=\"has-inline-color has-dark-gray-color\">23&#8243; Lyric Ride, 21&#8243; Lyric Crash Ride ja 14&#8243; Lyric Hihat<\/span><\/strong><\/figcaption><\/figure>\n<\/div>\n\n\n<figure class=\"wp-block-table alignwide is-style-stripes\"><table><tbody><tr><td><strong>Koko<\/strong><\/td><td><strong>Tyyppi, malli ja paino<\/strong><\/td><td><strong><strong>Varastohinta, ei sis\u00e4ll\u00e4 ALVia<\/strong><\/strong><\/td><td><strong>Lis\u00e4tietoja<\/strong><\/td><\/tr><tr><td>24&#8243;<\/td><td>Ride 2564g<\/td><td>485 e<\/td><td>prototyyppi, esittelyk\u00e4ytetty<\/td><\/tr><tr><td>23&#8243;<\/td><td>Ride<\/td><td><\/td><td>saatavana tilauksella<\/td><\/tr><tr><td>21&#8243;<\/td><td>Ride<\/td><td><\/td><td>saatavana tilauksella<\/td><\/tr><tr><td>14&#8243;<\/td><td>Hihat medium heavy 1066g\/1356g <\/td><td>445 e<\/td><td>esittelyk\u00e4ytetty<\/td><\/tr><tr><td>12&#8243; <\/td><td>Hihat hole<\/td><td>365 e<\/td><td><\/td><\/tr><\/tbody><\/table><\/figure>\n","protected":false},"excerpt":{"rendered":"<p>Lyric-sarja I Ari Hoenig\u2019n kanssa yhteisty\u00f6ss\u00e4 suunniteltu upea s\u00e4vyjen yhdistelm\u00e4. Yhdysvaltalaisen Ari Hoenig\u2019n kanssa suunniteltu sarja ilment\u00e4\u00e4 Hoenig\u2019n erityist\u00e4 musiikillista luonnetta yhdist\u00e4en s\u00e4vyj\u00e4 ja ominaisuuksia hienostuneella tavalla. Linjasto koostuu 23\u201d ride-symbaalista, 21\u201d sizzle ride-symbaalista ja 14\u201d hihat symbaaliparista. Kummatkin ride-symbaalit ovat kapulasoinniltaan selke\u00e4sti erottelevia ja n\u00e4ist\u00e4 kahdesta 23\u201d ride tarjoaa 21\u201d sizzle-versiota kirkkaamman soinnin. Koko &hellip; <\/p>\n<p class=\"link-more\"><a href=\"https:\/\/www.bosphorus.fi\/?page_id=89\" class=\"more-link\">Jatka lukemista<span class=\"screen-reader-text\"> &#8221;Lyric&#8221;<\/span><\/a><\/p>\n","protected":false},"author":1,"featured_media":0,"parent":9,"menu_order":0,"comment_status":"closed","ping_status":"closed","template":"page_bosphorus.php","meta":{"_editorskit_title_hidden":false,"_editorskit_reading_time":1,"_editorskit_is_block_options_detached":false,"_editorskit_block_options_position":"{}","footnotes":""},"class_list":["post-89","page","type-page","status-publish","hentry","entry"],"_links":{"self":[{"href":"https:\/\/www.bosphorus.fi\/index.php?rest_route=\/wp\/v2\/pages\/89","targetHints":{"allow":["GET"]}}],"collection":[{"href":"https:\/\/www.bosphorus.fi\/index.php?rest_route=\/wp\/v2\/pages"}],"about":[{"href":"https:\/\/www.bosphorus.fi\/index.php?rest_route=\/wp\/v2\/types\/page"}],"author":[{"embeddable":true,"href":"https:\/\/www.bosphorus.fi\/index.php?rest_route=\/wp\/v2\/users\/1"}],"replies":[{"embeddable":true,"href":"https:\/\/www.bosphorus.fi\/index.php?rest_route=%2Fwp%2Fv2%2Fcomments&post=89"}],"version-history":[{"count":43,"href":"https:\/\/www.bosphorus.fi\/index.php?rest_route=\/wp\/v2\/pages\/89\/revisions"}],"predecessor-version":[{"id":2945,"href":"https:\/\/www.bosphorus.fi\/index.php?rest_route=\/wp\/v2\/pages\/89\/revisions\/2945"}],"up":[{"embeddable":true,"href":"https:\/\/www.bosphorus.fi\/index.php?rest_route=\/wp\/v2\/pages\/9"}],"wp:attachment":[{"href":"https:\/\/www.bosphorus.fi\/index.php?rest_route=%2Fwp%2Fv2%2Fmedia&parent=89"}],"curies":[{"name":"wp","href":"https:\/\/api.w.org\/{rel}","templated":true}]}}