{"id":83,"date":"2019-09-11T18:53:16","date_gmt":"2019-09-11T15:53:16","guid":{"rendered":"http:\/\/192.168.99.100:8000\/?page_id=83"},"modified":"2025-06-05T20:59:26","modified_gmt":"2025-06-05T20:59:26","slug":"master-series","status":"publish","type":"page","link":"https:\/\/www.bosphorus.fi\/?page_id=83","title":{"rendered":"Master"},"content":{"rendered":"\n<p class=\"has-text-align-justify\"><em><strong>Master-sarja<\/strong> <\/em>I<em> Pehme\u00e4n rikasta sointia ja selke\u00e4\u00e4 soitettavuutta.<\/em><br><em><br><\/em>Haluttujen vuosikertasymbaalien etsint\u00e4 on p\u00e4\u00e4ttynyt. Kuten kaikki Bosphorus-symbaalit, niin my\u00f6s Master-sarja on t\u00e4ysin k\u00e4sin tehty aina valuprosessista viimeiseen taontaan asti. Yht\u00e4k\u00e4\u00e4n vaihetta ei ole korvattu koneellisella muokkauksella. Symbaaleissa k\u00e4ytetty metalliseos on valmistettu muinaisen kaavan mukaan joka on kulkenut lukuisten symbaalisepp\u00e4sukupolvien kautta. Siit\u00e4 syntyy n\u00e4iden instrumenttien pehme\u00e4 ja \u201dsis\u00e4\u00e4n soitettu\u201d tuntuma. T\u00e4rkeimpiin Master-sarjan ominaispiirteisiin kuuluu my\u00f6s niiden huomattava ohuus t\u00e4m\u00e4n p\u00e4iv\u00e4n raskaampiin symbaaleihin verrattuna. Master-sarjan symbaaleille on my\u00f6s luonteenomaista soitettaessa syntyv\u00e4 reunan lepattavan huojuva liike. N\u00e4m\u00e4 symbaalit tarjoavat puunomaisen kapulasoinnin syv\u00e4n salaper\u00e4isen ja rikkaan harmonisen pohjavireen yll\u00e4.<\/p>\n\n\n<div class=\"wp-block-image\">\n<figure class=\"aligncenter size-large\"><img loading=\"lazy\" decoding=\"async\" width=\"1024\" height=\"974\" src=\"https:\/\/www.bosphorus.fi\/wp-content\/uploads\/BOS21m1b-1024x974.jpg\" alt=\"\" class=\"wp-image-707\" srcset=\"https:\/\/www.bosphorus.fi\/wp-content\/uploads\/BOS21m1b-1024x974.jpg 1024w, https:\/\/www.bosphorus.fi\/wp-content\/uploads\/BOS21m1b-300x285.jpg 300w, https:\/\/www.bosphorus.fi\/wp-content\/uploads\/BOS21m1b-768x731.jpg 768w, https:\/\/www.bosphorus.fi\/wp-content\/uploads\/BOS21m1b.jpg 1447w\" sizes=\"auto, (max-width: 1024px) 100vw, 1024px\" \/><figcaption class=\"wp-element-caption\"><strong><span class=\"has-inline-color has-dark-gray-color\">20&#8243; Master<\/span><\/strong><\/figcaption><\/figure>\n<\/div>\n\n<div class=\"wp-block-image\">\n<figure class=\"aligncenter size-large\"><img loading=\"lazy\" decoding=\"async\" width=\"1024\" height=\"634\" src=\"https:\/\/www.bosphorus.fi\/wp-content\/uploads\/Mhh15-1024x634.jpg\" alt=\"\" class=\"wp-image-800\" srcset=\"https:\/\/www.bosphorus.fi\/wp-content\/uploads\/Mhh15-1024x634.jpg 1024w, https:\/\/www.bosphorus.fi\/wp-content\/uploads\/Mhh15-300x186.jpg 300w, https:\/\/www.bosphorus.fi\/wp-content\/uploads\/Mhh15-768x475.jpg 768w, https:\/\/www.bosphorus.fi\/wp-content\/uploads\/Mhh15-1536x951.jpg 1536w, https:\/\/www.bosphorus.fi\/wp-content\/uploads\/Mhh15-2048x1268.jpg 2048w, https:\/\/www.bosphorus.fi\/wp-content\/uploads\/Mhh15-1568x971.jpg 1568w\" sizes=\"auto, (max-width: 1024px) 100vw, 1024px\" \/><figcaption class=\"wp-element-caption\"><strong><span class=\"has-inline-color has-dark-gray-color\">15&#8243; Master hihat<\/span><\/strong><\/figcaption><\/figure>\n<\/div>\n\n\n<figure class=\"wp-block-table alignwide is-style-stripes\"><table><tbody><tr><td><strong>Koko<\/strong><\/td><td><strong>Tyyppi, malli ja paino<\/strong><\/td><td><strong><strong>Varastohinta, ei sis\u00e4ll\u00e4 ALVia<\/strong><\/strong><\/td><td><strong>Lis\u00e4tietoja<\/strong>                                              <\/td><\/tr><tr><td>24&#8243;<\/td><td>2468g<\/td><td>485 e<\/td><td>esittelyk\u00e4ytetty<\/td><\/tr><tr><td>24&#8243;<\/td><td>2508g<\/td><td>485 e<\/td><td>esittelyk\u00e4ytetty<\/td><\/tr><tr><td>22&#8243;<\/td><td>Flat Ride 2300g<\/td><td>445 e<\/td><td>esittelyk\u00e4ytetty<\/td><\/tr><tr><td>22&#8243;<\/td><td>Flat Ride 2280g<\/td><td>445 e<\/td><td>esittelyk\u00e4ytetty<\/td><\/tr><tr><td>22&#8243;<\/td><td>2180g special thin<\/td><td>445 e<\/td><td>esittelyk\u00e4ytetty<\/td><\/tr><tr><td>22&#8243;<\/td><td>2170g special thin<\/td><td>445 e<\/td><td>esittelyk\u00e4ytetty<\/td><\/tr><tr><td>21&#8243;<\/td><td>1914g special thin<\/td><td>415 e<\/td><td>esittelyk\u00e4ytetty<\/td><\/tr><tr><td>20&#8243;<\/td><td>1545g special thin<\/td><td>380 e<\/td><td>esittelyk\u00e4ytetty VARATTU<\/td><\/tr><tr><td>20&#8243;<\/td><td>1640g special thin<\/td><td>380 e<\/td><td>esittelyk\u00e4ytetty<\/td><\/tr><tr><td>19&#8243;<\/td><td>1272g ultra thin<\/td><td>350 e<\/td><td>esittelyk\u00e4ytetty<\/td><\/tr><tr><td>18&#8243;<\/td><td>1265g paper thin<\/td><td>315 e<\/td><td>esittelyk\u00e4ytetty<\/td><\/tr><tr><td>18&#8243;<\/td><td>12??g paper thin<\/td><td>315 e<\/td><td><\/td><\/tr><tr><td>14&#8243;<\/td><td>536g paper thin<\/td><td>190 e<\/td><td>esittelyk\u00e4ytetty<\/td><\/tr><tr><td>15&#8243;<\/td><td>Hihat 1028g\/1182g<\/td><td>435 e<\/td><td>esittelyk\u00e4ytetty<\/td><\/tr><tr><td><\/td><td><\/td><td><\/td><td><em>lis\u00e4\u00e4 kokoja, malleja ja tyyppej\u00e4 on saatavana tilauksesta<\/em><\/td><\/tr><\/tbody><\/table><\/figure>\n","protected":false},"excerpt":{"rendered":"<p>Master-sarja I Pehme\u00e4n rikasta sointia ja selke\u00e4\u00e4 soitettavuutta.Haluttujen vuosikertasymbaalien etsint\u00e4 on p\u00e4\u00e4ttynyt. Kuten kaikki Bosphorus-symbaalit, niin my\u00f6s Master-sarja on t\u00e4ysin k\u00e4sin tehty aina valuprosessista viimeiseen taontaan asti. Yht\u00e4k\u00e4\u00e4n vaihetta ei ole korvattu koneellisella muokkauksella. Symbaaleissa k\u00e4ytetty metalliseos on valmistettu muinaisen kaavan mukaan joka on kulkenut lukuisten symbaalisepp\u00e4sukupolvien kautta. Siit\u00e4 syntyy n\u00e4iden instrumenttien pehme\u00e4 ja \u201dsis\u00e4\u00e4n &hellip; <\/p>\n<p class=\"link-more\"><a href=\"https:\/\/www.bosphorus.fi\/?page_id=83\" class=\"more-link\">Jatka lukemista<span class=\"screen-reader-text\"> &#8221;Master&#8221;<\/span><\/a><\/p>\n","protected":false},"author":1,"featured_media":0,"parent":9,"menu_order":0,"comment_status":"closed","ping_status":"closed","template":"page_bosphorus.php","meta":{"_editorskit_title_hidden":false,"_editorskit_reading_time":1,"_editorskit_is_block_options_detached":false,"_editorskit_block_options_position":"{}","footnotes":""},"class_list":["post-83","page","type-page","status-publish","hentry","entry"],"_links":{"self":[{"href":"https:\/\/www.bosphorus.fi\/index.php?rest_route=\/wp\/v2\/pages\/83","targetHints":{"allow":["GET"]}}],"collection":[{"href":"https:\/\/www.bosphorus.fi\/index.php?rest_route=\/wp\/v2\/pages"}],"about":[{"href":"https:\/\/www.bosphorus.fi\/index.php?rest_route=\/wp\/v2\/types\/page"}],"author":[{"embeddable":true,"href":"https:\/\/www.bosphorus.fi\/index.php?rest_route=\/wp\/v2\/users\/1"}],"replies":[{"embeddable":true,"href":"https:\/\/www.bosphorus.fi\/index.php?rest_route=%2Fwp%2Fv2%2Fcomments&post=83"}],"version-history":[{"count":59,"href":"https:\/\/www.bosphorus.fi\/index.php?rest_route=\/wp\/v2\/pages\/83\/revisions"}],"predecessor-version":[{"id":3012,"href":"https:\/\/www.bosphorus.fi\/index.php?rest_route=\/wp\/v2\/pages\/83\/revisions\/3012"}],"up":[{"embeddable":true,"href":"https:\/\/www.bosphorus.fi\/index.php?rest_route=\/wp\/v2\/pages\/9"}],"wp:attachment":[{"href":"https:\/\/www.bosphorus.fi\/index.php?rest_route=%2Fwp%2Fv2%2Fmedia&parent=83"}],"curies":[{"name":"wp","href":"https:\/\/api.w.org\/{rel}","templated":true}]}}