{"id":81,"date":"2019-09-11T18:50:21","date_gmt":"2019-09-11T15:50:21","guid":{"rendered":"http:\/\/192.168.99.100:8000\/?page_id=81"},"modified":"2026-02-03T15:26:20","modified_gmt":"2026-02-03T15:26:20","slug":"20th-anniversary","status":"publish","type":"page","link":"https:\/\/www.bosphorus.fi\/?page_id=81","title":{"rendered":"20th ja 25th Anniversary"},"content":{"rendered":"\n<p class=\"has-text-align-justify\"><em><strong>20th anniversary-sarja<\/strong> <\/em>I<em> Vintage-henkinen puhtaan selke\u00e4 kapulasointi ja l\u00e4mpim\u00e4n tumma yleiss\u00e4vy.<\/em><br><br><em><strong>25th anniversary-sarja I<\/strong><\/em> <em>Vintage-henkinen selke\u00e4 kapulasointi, trashy ja hieman raaka l\u00e4mpim\u00e4n tumma yleiss\u00e4vy.<\/em> <em>T\u00e4ss\u00e4 prototyypiss\u00e4 yhdistyy ominaisuuksia 20th Anniversary mallista sek\u00e4 Syncopation sarjasta.<\/em><br><br>Esteettisesti vetoava symbaali, jonka sointi on mestarien k\u00e4siss\u00e4 muokaten rajattu haluttujen vuosikertasoittimien kaltaiseksi. 20th Anniversary-sarja julkaistiin vuonna 2016 juhlistamaan Bosphorus-tehtaan perustamista vuonna 1996. Sarjassa k\u00e4ytet\u00e4\u00e4n aiemmista sarjoista tuttua perinteist\u00e4 metalliseoksen kaavaa, mutta se tarjoaa uusia variaatioita jo valmiiksi rikkaaseen sointivalikoimaan. Linjasto edustaa vuosikertasoinnin paluuta sit\u00e4 arvostaville herkk\u00e4korvaisille rumpaleille. Ik\u00e4\u00e4ntyneen symbaalin vetoava ulkon\u00e4k\u00f6, tumman harmahtava v\u00e4ritys on osaltaan luomassa sointia hillitsem\u00e4ll\u00e4 symbaalin pinnan aaltoilua sek\u00e4 korkeita taajuuksia. T\u00e4m\u00e4 tuottaa hyvin puhtaan, keskittyneen ja l\u00e4mpim\u00e4n tumman kapulasoinnin matalasta keskitason volyymin tilanteisiin. Sarja vastaa erinomaisesti \u201dvanhan koulukunnan\u201d mieltymyksiin, jazzista fuusio-tyyleihin.<\/p>\n\n\n\n<figure class=\"wp-block-image size-large\"><img loading=\"lazy\" decoding=\"async\" width=\"1024\" height=\"667\" src=\"https:\/\/www.bosphorus.fi\/wp-content\/uploads\/Bos25annivWeb-1536x1001-1-1024x667.jpg\" alt=\"\" class=\"wp-image-2769\" srcset=\"https:\/\/www.bosphorus.fi\/wp-content\/uploads\/Bos25annivWeb-1536x1001-1-1024x667.jpg 1024w, https:\/\/www.bosphorus.fi\/wp-content\/uploads\/Bos25annivWeb-1536x1001-1-300x196.jpg 300w, https:\/\/www.bosphorus.fi\/wp-content\/uploads\/Bos25annivWeb-1536x1001-1-768x501.jpg 768w, https:\/\/www.bosphorus.fi\/wp-content\/uploads\/Bos25annivWeb-1536x1001-1.jpg 1536w\" sizes=\"auto, (max-width: 1024px) 100vw, 1024px\" \/><\/figure>\n\n\n<div class=\"wp-block-image\">\n<figure class=\"aligncenter\"><img decoding=\"async\" src=\"\/uploads\/images\/20thwww1.jpg\" alt=\"\"\/><figcaption class=\"wp-element-caption\"><strong><span class=\"has-inline-color has-dark-gray-color\">20&#8243; 20th Anniversary ride<\/span><\/strong><\/figcaption><\/figure>\n<\/div>\n\n\n<figure class=\"wp-block-table alignwide is-style-stripes\"><table><tbody><tr><td><strong>Koko<\/strong><\/td><td><strong>Tyyppi, malli ja paino<\/strong><\/td><td><strong>Varastohinta, ei sis\u00e4ll\u00e4 ALVia<\/strong><\/td><td><strong>Lis\u00e4tiedot<\/strong><\/td><\/tr><tr><td>22&#8243;<\/td><td>25th Ride paper thin<\/td><td>445 e<\/td><td>esittelyk\u00e4ytetty<\/td><\/tr><tr><td>22&#8243;<\/td><td>20th Ride paper thin 2340g<\/td><td>445 e<\/td><td>esittelyk\u00e4ytetty<\/td><\/tr><tr><td>20&#8243;<\/td><td>25th Ride thin 1956g<\/td><td>375 e<\/td><td>esittelyk\u00e4ytetty<\/td><\/tr><tr><td>20&#8243;<\/td><td>20th Ride paper thin 1770g<\/td><td>375 e<\/td><td>esittelyk\u00e4ytetty<\/td><\/tr><tr><td>16&#8243;<\/td><td>20th Crash 1001g<\/td><td>245 e<\/td><td>esittelyk\u00e4ytetty<\/td><\/tr><tr><td><\/td><td><\/td><td><\/td><td><em>lis\u00e4\u00e4 kokoja, malleja ja tyyppej\u00e4 on saatavana tilauksesta<\/em><\/td><\/tr><\/tbody><\/table><\/figure>\n","protected":false},"excerpt":{"rendered":"<p>20th anniversary-sarja I Vintage-henkinen puhtaan selke\u00e4 kapulasointi ja l\u00e4mpim\u00e4n tumma yleiss\u00e4vy. 25th anniversary-sarja I Vintage-henkinen selke\u00e4 kapulasointi, trashy ja hieman raaka l\u00e4mpim\u00e4n tumma yleiss\u00e4vy. T\u00e4ss\u00e4 prototyypiss\u00e4 yhdistyy ominaisuuksia 20th Anniversary mallista sek\u00e4 Syncopation sarjasta. Esteettisesti vetoava symbaali, jonka sointi on mestarien k\u00e4siss\u00e4 muokaten rajattu haluttujen vuosikertasoittimien kaltaiseksi. 20th Anniversary-sarja julkaistiin vuonna 2016 juhlistamaan Bosphorus-tehtaan perustamista &hellip; <\/p>\n<p class=\"link-more\"><a href=\"https:\/\/www.bosphorus.fi\/?page_id=81\" class=\"more-link\">Jatka lukemista<span class=\"screen-reader-text\"> &#8221;20th ja 25th Anniversary&#8221;<\/span><\/a><\/p>\n","protected":false},"author":1,"featured_media":0,"parent":9,"menu_order":0,"comment_status":"closed","ping_status":"closed","template":"page_bosphorus.php","meta":{"_editorskit_title_hidden":false,"_editorskit_reading_time":1,"_editorskit_is_block_options_detached":false,"_editorskit_block_options_position":"{}","footnotes":""},"class_list":["post-81","page","type-page","status-publish","hentry","entry"],"_links":{"self":[{"href":"https:\/\/www.bosphorus.fi\/index.php?rest_route=\/wp\/v2\/pages\/81","targetHints":{"allow":["GET"]}}],"collection":[{"href":"https:\/\/www.bosphorus.fi\/index.php?rest_route=\/wp\/v2\/pages"}],"about":[{"href":"https:\/\/www.bosphorus.fi\/index.php?rest_route=\/wp\/v2\/types\/page"}],"author":[{"embeddable":true,"href":"https:\/\/www.bosphorus.fi\/index.php?rest_route=\/wp\/v2\/users\/1"}],"replies":[{"embeddable":true,"href":"https:\/\/www.bosphorus.fi\/index.php?rest_route=%2Fwp%2Fv2%2Fcomments&post=81"}],"version-history":[{"count":46,"href":"https:\/\/www.bosphorus.fi\/index.php?rest_route=\/wp\/v2\/pages\/81\/revisions"}],"predecessor-version":[{"id":3033,"href":"https:\/\/www.bosphorus.fi\/index.php?rest_route=\/wp\/v2\/pages\/81\/revisions\/3033"}],"up":[{"embeddable":true,"href":"https:\/\/www.bosphorus.fi\/index.php?rest_route=\/wp\/v2\/pages\/9"}],"wp:attachment":[{"href":"https:\/\/www.bosphorus.fi\/index.php?rest_route=%2Fwp%2Fv2%2Fmedia&parent=81"}],"curies":[{"name":"wp","href":"https:\/\/api.w.org\/{rel}","templated":true}]}}