{"id":76,"date":"2019-09-11T18:43:21","date_gmt":"2019-09-11T15:43:21","guid":{"rendered":"http:\/\/192.168.99.100:8000\/?page_id=76"},"modified":"2025-09-11T14:30:05","modified_gmt":"2025-09-11T14:30:05","slug":"latin-series","status":"publish","type":"page","link":"https:\/\/www.bosphorus.fi\/?page_id=76","title":{"rendered":"Latin"},"content":{"rendered":"\n<p class=\"has-text-align-justify\"><em><strong>Latin-sarja<\/strong> <\/em>I<em> \u00c4\u00e4rimm\u00e4ist\u00e4 monipuolisuutta mihin tahansa musikkiin.<\/em><br><br>N\u00e4iss\u00e4 symbaaleissa sulautuvat yhteen Etel\u00e4-Amerikkalainen kansanmusiikki ja modernit soinnit. Yhdistelm\u00e4 sorvattua ja sorvaamatonta pintaa tuottaa selke\u00e4n kapula\u00e4\u00e4nen lis\u00e4ksi r\u00e4j\u00e4ht\u00e4v\u00e4n crash-soinnin yhdess\u00e4 ja samassa symbaalissa. N\u00e4ill\u00e4 symbaaleilla voit soittaa mit\u00e4 tahansa musiikkia.<\/p>\n\n\n<div class=\"wp-block-image\">\n<figure class=\"alignleft\"><img decoding=\"async\" src=\"\/uploads\/images\/Lat20r3.jpg\" alt=\"\"\/><figcaption class=\"wp-element-caption\"><strong><span class=\"has-inline-color has-dark-gray-color\">20&#8243; Latin ride<\/span><\/strong><\/figcaption><\/figure>\n<\/div>\n\n<div class=\"wp-block-image\">\n<figure class=\"alignleft\"><img decoding=\"async\" src=\"\/uploads\/images\/Lat18c4.jpg\" alt=\"\"\/><figcaption class=\"wp-element-caption\"><strong><span class=\"has-inline-color has-dark-gray-color\">18&#8243; Latin crash<\/span><\/strong><\/figcaption><\/figure>\n<\/div>\n\n<div class=\"wp-block-image\">\n<figure class=\"alignleft\"><img decoding=\"async\" src=\"\/uploads\/images\/Lat18chi2.jpg\" alt=\"\"\/><figcaption class=\"wp-element-caption\"><strong><span class=\"has-inline-color has-dark-gray-color\">18&#8243; Latin china<\/span><\/strong><\/figcaption><\/figure>\n<\/div>\n\n\n<p><\/p>\n\n\n\n<figure class=\"wp-block-table alignwide is-style-stripes\"><table><tbody><tr><td><strong>Koko<\/strong><\/td><td><strong>Tyyppi, malli ja paino<\/strong><\/td><td><strong>Varastohinta, ei sis\u00e4ll\u00e4 ALVia<\/strong><\/td><td><strong>Lis\u00e4tietoja<\/strong><\/td><\/tr><tr><td>21&#8243;<\/td><td>Ride thin<\/td><td>400 e<\/td><td>koko setin ostajalle upea ride! MYYTY<\/td><\/tr><tr><td>19&#8243;<\/td><td>Crash 1584g<\/td><td>285 e<\/td><td>esittelyk\u00e4ytetty MYYTY<\/td><\/tr><tr><td>18&#8243;<\/td><td>Crash 1384g<\/td><td>255 e<\/td><td><\/td><\/tr><tr><td>18&#8243;<\/td><td>Crash thin 1280g<\/td><td>255 e<\/td><td>esittelyk\u00e4ytetty<\/td><\/tr><tr><td>18&#8243;<\/td><td>Crash paper thin 1240g<\/td><td>255 e<\/td><td>esittelyk\u00e4ytetty<\/td><\/tr><tr><td>17&#8243;<\/td><td>Crash 1146g<\/td><td>240 e<\/td><td>esittelyk\u00e4ytetty MYYTY<\/td><\/tr><tr><td>16&#8243;<\/td><td>Crash thin 927g<\/td><td>220 e<\/td><td>esittelyk\u00e4ytetty<\/td><\/tr><tr><td>16&#8243;<\/td><td>China 920g<\/td><td>255 e<\/td><td>esittelyk\u00e4ytetty<\/td><\/tr><tr><td>14&#8243;<\/td><td>Hihat 1018g \/ 1240g<\/td><td>365 e<\/td><td>VARATTU<\/td><\/tr><tr><td>13&#8243;<\/td><td>Crash 535g<\/td><td>160 e<\/td><td>esittelyk\u00e4ytetty VARATTU<\/td><\/tr><tr><td>12&#8243;<\/td><td>Splash 364g<\/td><td>145 e<\/td><td>esittelyk\u00e4ytetty<\/td><\/tr><tr><td>12&#8243;<\/td><td>Splash 362g<\/td><td>145 e<\/td><td>esittelyk\u00e4ytetty<\/td><\/tr><tr><td>10&#8243;<\/td><td>Splash 227g<\/td><td>125 e<\/td><td>esittelyk\u00e4ytetty<\/td><\/tr><tr><td>10&#8243;<\/td><td>Splash 225g<\/td><td>125 e<\/td><td>esittelyk\u00e4ytetty<\/td><\/tr><tr><td>10&#8243;<\/td><td>Splash 219g<\/td><td>125 e<\/td><td><\/td><\/tr><tr><td>8&#8243;<\/td><td>Splash 161g<\/td><td>105 e<\/td><td>esittelyk\u00e4ytetty<\/td><\/tr><tr><td>8&#8243;<\/td><td>Splash 159g<\/td><td>105 e<\/td><td>esittelyk\u00e4ytetty VARATTU<\/td><\/tr><tr><td>8&#8243;<\/td><td>Splash 145g<\/td><td>105 e<\/td><td>esittelyk\u00e4ytetty<\/td><\/tr><tr><td>8&#8243;<\/td><td>Splash 136g<\/td><td>105 e<\/td><td>esittelyk\u00e4ytetty<\/td><\/tr><tr><td><\/td><td><\/td><td><\/td><td><em>lis\u00e4\u00e4 kokoja, malleja ja tyyppej\u00e4 on saatavana tilauksesta<\/em><\/td><\/tr><\/tbody><\/table><\/figure>\n","protected":false},"excerpt":{"rendered":"<p>Latin-sarja I \u00c4\u00e4rimm\u00e4ist\u00e4 monipuolisuutta mihin tahansa musikkiin. N\u00e4iss\u00e4 symbaaleissa sulautuvat yhteen Etel\u00e4-Amerikkalainen kansanmusiikki ja modernit soinnit. Yhdistelm\u00e4 sorvattua ja sorvaamatonta pintaa tuottaa selke\u00e4n kapula\u00e4\u00e4nen lis\u00e4ksi r\u00e4j\u00e4ht\u00e4v\u00e4n crash-soinnin yhdess\u00e4 ja samassa symbaalissa. N\u00e4ill\u00e4 symbaaleilla voit soittaa mit\u00e4 tahansa musiikkia. Koko Tyyppi, malli ja paino Varastohinta, ei sis\u00e4ll\u00e4 ALVia Lis\u00e4tietoja 21&#8243; Ride thin 400 e koko setin &hellip; <\/p>\n<p class=\"link-more\"><a href=\"https:\/\/www.bosphorus.fi\/?page_id=76\" class=\"more-link\">Jatka lukemista<span class=\"screen-reader-text\"> &#8221;Latin&#8221;<\/span><\/a><\/p>\n","protected":false},"author":1,"featured_media":0,"parent":9,"menu_order":0,"comment_status":"closed","ping_status":"closed","template":"page_bosphorus.php","meta":{"_editorskit_title_hidden":false,"_editorskit_reading_time":1,"_editorskit_is_block_options_detached":false,"_editorskit_block_options_position":"{}","footnotes":""},"class_list":["post-76","page","type-page","status-publish","hentry","entry"],"_links":{"self":[{"href":"https:\/\/www.bosphorus.fi\/index.php?rest_route=\/wp\/v2\/pages\/76","targetHints":{"allow":["GET"]}}],"collection":[{"href":"https:\/\/www.bosphorus.fi\/index.php?rest_route=\/wp\/v2\/pages"}],"about":[{"href":"https:\/\/www.bosphorus.fi\/index.php?rest_route=\/wp\/v2\/types\/page"}],"author":[{"embeddable":true,"href":"https:\/\/www.bosphorus.fi\/index.php?rest_route=\/wp\/v2\/users\/1"}],"replies":[{"embeddable":true,"href":"https:\/\/www.bosphorus.fi\/index.php?rest_route=%2Fwp%2Fv2%2Fcomments&post=76"}],"version-history":[{"count":42,"href":"https:\/\/www.bosphorus.fi\/index.php?rest_route=\/wp\/v2\/pages\/76\/revisions"}],"predecessor-version":[{"id":3032,"href":"https:\/\/www.bosphorus.fi\/index.php?rest_route=\/wp\/v2\/pages\/76\/revisions\/3032"}],"up":[{"embeddable":true,"href":"https:\/\/www.bosphorus.fi\/index.php?rest_route=\/wp\/v2\/pages\/9"}],"wp:attachment":[{"href":"https:\/\/www.bosphorus.fi\/index.php?rest_route=%2Fwp%2Fv2%2Fmedia&parent=76"}],"curies":[{"name":"wp","href":"https:\/\/api.w.org\/{rel}","templated":true}]}}