{"id":70,"date":"2019-09-11T18:36:24","date_gmt":"2019-09-11T15:36:24","guid":{"rendered":"http:\/\/192.168.99.100:8000\/?page_id=70"},"modified":"2025-06-05T20:36:34","modified_gmt":"2025-06-05T20:36:34","slug":"groove-series","status":"publish","type":"page","link":"https:\/\/www.bosphorus.fi\/?page_id=70","title":{"rendered":"Groove\/Stanton Moore"},"content":{"rendered":"\n<p class=\"has-text-align-justify\"><em><strong>Groove-sarja<\/strong> <\/em>I<em> Stanton Moore Signature-sarjasta p\u00e4ivitetty linjasto tarjoaa musikaalisen maanl\u00e4heisi\u00e4 sointeja.<\/em><br><br>N\u00e4iden symbaalien yl\u00e4pinnat ovat perinteiseen tyyliin sorvattuja l\u00e4mpim\u00e4n soinnin varmistamiseksi. Alapinnat sorvataan New Orleans-sarjasta tutulla leve\u00e4ll\u00e4 uralla. Sointi on t\u00e4ydellisen p\u00e4\u00e4llek\u00e4yv\u00e4 mutta  kuitenkin aina musikaalisen maanl\u00e4heinen ja paksu. Ride-symbaaleissa on samanaikaisesti suurta l\u00e4mp\u00f6\u00e4 sek\u00e4 kapulasoinnin selkeytt\u00e4. Hihatit ovat soinniltaan tummia, mutta riitt\u00e4v\u00e4n leikkaavia.<\/p>\n\n\n\n<p class=\"has-text-align-justify\">\u201dDirty Crash\u201d erottuu joukosta ep\u00e4tasaisen v\u00e4risevill\u00e4 reunoillaan ja yl\u00e4pinnan syv\u00e4\u00e4n taotuilla kuopilla. Sointi on nimens\u00e4 mukaisesti likainen, mutta riitt\u00e4v\u00e4n l\u00e4mmin k\u00e4ytett\u00e4v\u00e4ksi my\u00f6s ride-symbaalina. \u201dCurvy Crash\u201d on symbaali jossa on laajennetut reunat. Se tarjoaa ter\u00e4v\u00e4n crash-soinnin yhdess\u00e4 runsaasti kohisevien matalien taajuuksien kanssa. Yhdess\u00e4 n\u00e4m\u00e4 symbaalit tarjoavat tasapainoisen purevan sointipaletin.<\/p>\n\n\n<div class=\"wp-block-image\">\n<figure class=\"aligncenter size-large is-resized\"><img loading=\"lazy\" decoding=\"async\" width=\"1024\" height=\"785\" src=\"https:\/\/www.bosphorus.fi\/wp-content\/uploads\/GroSet2015m1-1024x785.jpg\" alt=\"\" class=\"wp-image-779\" style=\"width:640px;height:490px\" srcset=\"https:\/\/www.bosphorus.fi\/wp-content\/uploads\/GroSet2015m1-1024x785.jpg 1024w, https:\/\/www.bosphorus.fi\/wp-content\/uploads\/GroSet2015m1-300x230.jpg 300w, https:\/\/www.bosphorus.fi\/wp-content\/uploads\/GroSet2015m1-768x589.jpg 768w, https:\/\/www.bosphorus.fi\/wp-content\/uploads\/GroSet2015m1.jpg 1441w\" sizes=\"auto, (max-width: 1024px) 100vw, 1024px\" \/><figcaption class=\"wp-element-caption\"><strong><span class=\"has-inline-color has-dark-gray-color\">20&#8243; Groove Wide Ride ja 15&#8243; Fat Hats<\/span><\/strong><\/figcaption><\/figure>\n<\/div>\n\n<div class=\"wp-block-image\">\n<figure class=\"aligncenter size-large\"><img loading=\"lazy\" decoding=\"async\" width=\"953\" height=\"893\" src=\"https:\/\/www.bosphorus.fi\/wp-content\/uploads\/Trash20m1H.jpg\" alt=\"\" class=\"wp-image-785\" srcset=\"https:\/\/www.bosphorus.fi\/wp-content\/uploads\/Trash20m1H.jpg 953w, https:\/\/www.bosphorus.fi\/wp-content\/uploads\/Trash20m1H-300x281.jpg 300w, https:\/\/www.bosphorus.fi\/wp-content\/uploads\/Trash20m1H-768x720.jpg 768w\" sizes=\"auto, (max-width: 953px) 100vw, 953px\" \/><figcaption class=\"wp-element-caption\"><strong><span class=\"has-inline-color has-dark-gray-color\">20&#8243; Groove Dirty Crash<\/span><\/strong><\/figcaption><\/figure>\n<\/div>\n\n\n<figure class=\"wp-block-table alignwide is-style-stripes\"><table><tbody><tr><td><strong>Koko<\/strong><\/td><td><strong>Tyyppi, malli ja paino<\/strong><\/td><td><strong>Varastohinta, ei sis\u00e4ll\u00e4 ALVia<\/strong><\/td><td><strong>Lis\u00e4tietoja<\/strong><\/td><\/tr><tr><td>22&#8243;<\/td><td>Wide Ride 2436g<\/td><td>395 e<\/td><td>esittelyk\u00e4ytetty<\/td><\/tr><tr><td>22&#8243;<\/td><td>Wide Ride 2403g<\/td><td>395 e<\/td><td>esittelyk\u00e4ytetty<\/td><\/tr><tr><td>22&#8243;<\/td><td>Wide Ride 2340g<\/td><td>445 e<\/td><td><\/td><\/tr><tr><td>21&#8243;<\/td><td>Wide Ride 2316g<\/td><td>365 e<\/td><td>esittelyk\u00e4ytetty<\/td><\/tr><tr><td>20&#8243;<\/td><td>Wide Ride 2085g<\/td><td>335 e<\/td><td>esittelyk\u00e4ytetty<\/td><\/tr><tr><td>20&#8243;<\/td><td>Wide Ride 1908<\/td><td>335 e<\/td><td>esittelyk\u00e4ytetty<\/td><\/tr><tr><td>20&#8243;<\/td><td>Stanton Moore Pang Thang 1800g<\/td><td>445 e<\/td><td>esittelyk\u00e4ytetty<\/td><\/tr><tr><td>20&#8243;<\/td><td>Dirty (Trash) Crash 1710g<\/td><td>445 e<\/td><td>esittelyk\u00e4ytetty<\/td><\/tr><tr><td>20&#8243;<\/td><td>Trash Crash SW 1625g<\/td><td>495 e<\/td><td>esittelyk\u00e4ytetty<\/td><\/tr><tr><td>18&#8243;<\/td><td>Smash Crash 1340g<\/td><td>265 e<\/td><td>esittelyk\u00e4ytetty<\/td><\/tr><tr><td>18&#8243;<\/td><td>Smash Crash 1270g<\/td><td>265 e<\/td><td>esittelyk\u00e4ytetty<\/td><\/tr><tr><td>18&#8243;<\/td><td>Smash Crash 1180g<\/td><td>265 e<\/td><td>esittelyk\u00e4ytetty<\/td><\/tr><tr><td>16&#8243;<\/td><td>Smash Crash 974g<\/td><td>220 e<\/td><td>esittelyk\u00e4ytetty<\/td><\/tr><tr><td>16&#8243;<\/td><td>Stanton Moore Trash Crash 936g<\/td><td>285 e<\/td><td>esittelyk\u00e4ytetty<\/td><\/tr><tr><td>16&#8243;<\/td><td>Stanton Moore Trash Crash 850g<\/td><td>285 e<\/td><td>esittelyk\u00e4ytetty<\/td><\/tr><tr><td>15&#8243;<\/td><td>Stanton Moore Trash Crash 800g<\/td><td>265 e<\/td><td>esittelyk\u00e4ytetty<\/td><\/tr><tr><td>14&#8243;<\/td><td>Stanton Moore Trash Crash 620g<\/td><td>245e<\/td><td>esittelyk\u00e4ytetty<\/td><\/tr><tr><td>15&#8243;<\/td><td>Fat Hats 1016g\/1134g<\/td><td>390 e<\/td><td>esittelyk\u00e4ytetty<\/td><\/tr><tr><td>15&#8243;<\/td><td>Fat Hats 1000g\/1200g<\/td><td>390 e<\/td><td>esittelyk\u00e4ytetty<\/td><\/tr><tr><td>14&#8243;<\/td><td>Fat Hats 880g\/1076g<\/td><td>355 e<\/td><td>esittelyk\u00e4ytetty <\/td><\/tr><tr><td>14&#8243;<\/td><td>Stanton Moore Fat Hats 860g\/1050g<\/td><td>355 e<\/td><td>esittelyk\u00e4ytetty<\/td><\/tr><tr><td><\/td><td><\/td><td><\/td><td><em>lis\u00e4\u00e4 kokoja, malleja ja tyyppej\u00e4 on saatavana tilauksesta<\/em><\/td><\/tr><\/tbody><\/table><\/figure>\n\n\n\n<p><\/p>\n","protected":false},"excerpt":{"rendered":"<p>Groove-sarja I Stanton Moore Signature-sarjasta p\u00e4ivitetty linjasto tarjoaa musikaalisen maanl\u00e4heisi\u00e4 sointeja. N\u00e4iden symbaalien yl\u00e4pinnat ovat perinteiseen tyyliin sorvattuja l\u00e4mpim\u00e4n soinnin varmistamiseksi. Alapinnat sorvataan New Orleans-sarjasta tutulla leve\u00e4ll\u00e4 uralla. Sointi on t\u00e4ydellisen p\u00e4\u00e4llek\u00e4yv\u00e4 mutta kuitenkin aina musikaalisen maanl\u00e4heinen ja paksu. Ride-symbaaleissa on samanaikaisesti suurta l\u00e4mp\u00f6\u00e4 sek\u00e4 kapulasoinnin selkeytt\u00e4. Hihatit ovat soinniltaan tummia, mutta riitt\u00e4v\u00e4n leikkaavia. \u201dDirty &hellip; <\/p>\n<p class=\"link-more\"><a href=\"https:\/\/www.bosphorus.fi\/?page_id=70\" class=\"more-link\">Jatka lukemista<span class=\"screen-reader-text\"> &#8221;Groove\/Stanton Moore&#8221;<\/span><\/a><\/p>\n","protected":false},"author":1,"featured_media":0,"parent":9,"menu_order":0,"comment_status":"closed","ping_status":"closed","template":"page_bosphorus.php","meta":{"_editorskit_title_hidden":false,"_editorskit_reading_time":1,"_editorskit_is_block_options_detached":false,"_editorskit_block_options_position":"{}","footnotes":""},"class_list":["post-70","page","type-page","status-publish","hentry","entry"],"_links":{"self":[{"href":"https:\/\/www.bosphorus.fi\/index.php?rest_route=\/wp\/v2\/pages\/70","targetHints":{"allow":["GET"]}}],"collection":[{"href":"https:\/\/www.bosphorus.fi\/index.php?rest_route=\/wp\/v2\/pages"}],"about":[{"href":"https:\/\/www.bosphorus.fi\/index.php?rest_route=\/wp\/v2\/types\/page"}],"author":[{"embeddable":true,"href":"https:\/\/www.bosphorus.fi\/index.php?rest_route=\/wp\/v2\/users\/1"}],"replies":[{"embeddable":true,"href":"https:\/\/www.bosphorus.fi\/index.php?rest_route=%2Fwp%2Fv2%2Fcomments&post=70"}],"version-history":[{"count":60,"href":"https:\/\/www.bosphorus.fi\/index.php?rest_route=\/wp\/v2\/pages\/70\/revisions"}],"predecessor-version":[{"id":3007,"href":"https:\/\/www.bosphorus.fi\/index.php?rest_route=\/wp\/v2\/pages\/70\/revisions\/3007"}],"up":[{"embeddable":true,"href":"https:\/\/www.bosphorus.fi\/index.php?rest_route=\/wp\/v2\/pages\/9"}],"wp:attachment":[{"href":"https:\/\/www.bosphorus.fi\/index.php?rest_route=%2Fwp%2Fv2%2Fmedia&parent=70"}],"curies":[{"name":"wp","href":"https:\/\/api.w.org\/{rel}","templated":true}]}}