{"id":7,"date":"2019-09-11T12:34:03","date_gmt":"2019-09-11T09:34:03","guid":{"rendered":"http:\/\/192.168.99.100:8000\/?page_id=7"},"modified":"2024-12-02T21:04:27","modified_gmt":"2024-12-02T21:04:27","slug":"jms-production","status":"publish","type":"page","link":"https:\/\/www.bosphorus.fi\/","title":{"rendered":""},"content":{"rendered":"\n<p class=\"has-text-align-justify\">Maahantuomme huippulaadukkaita turkkilaisia Bosphorus-symbaaleja. Laajan varaston valikoimasta l\u00f6ytyy runsaasti erilaisia symbaalimalleja  sek\u00e4 paljon erikoisuuksia.<\/p>\n\n\n\n<p class=\"has-text-align-justify\">JMS Productionin edustajana olen suunnitellut Bosphorukselle my\u00f6s t\u00e4ysin uudenlaisia symbaalisarjoja. Mainittavin n\u00e4ist\u00e4 on Special3 -nimell\u00e4 kulkenut symbaalisarja, jonka ensimm\u00e4iset prototyypit valmistettiin 2006. Sarjan suosio kasvoi mainittavaan mittaan ja 2016 valmistaja virallisti sen nimell\u00e4 Syncopation. T\u00e4m\u00e4n virallisen lanseerauksen my\u00f6t\u00e4 sarjaa my\u00f6s rajattiin mallien variaatioiden suhteen. T\u00e4st\u00e4 Syncopation\/Special3-sarjasta on saatavilla lis\u00e4ksi hiekkapesty ja hiomalla k\u00e4sitelty SW-malli. N\u00e4iden molempien mallien ominaisuudet ovat hyvin monipuoliset ja ilmeikk\u00e4\u00e4t.<\/p>\n\n\n\n<p class=\"has-text-align-justify\">Maahantuontitoiminnan alusta asti valikoima on sis\u00e4lt\u00e4nyt my\u00f6s kiillottamalla viimeistellyt Turk-sarjan symbaalit nimell\u00e4 Turk Brilliant. N\u00e4m\u00e4 puolestaan l\u00f6ytyv\u00e4t valmistajan virallisesta katalogista nykyisin nimell\u00e4 Gold Raw. Muita Bosphoruksen virallisen tuotelinjaston ulkopuolisia sarjoja l\u00f6ytyy valikoimasta nimikkeill\u00e4 Control, Custom, Flatbell ja Ground. My\u00f6s n\u00e4ille on kehittynyt oma kannattajakuntansa.<br><br>Varastolta saa my\u00f6s kiinalaisella k\u00e4sity\u00f6perinteell\u00e4 valmistettuja <strong>Silken-symbaaleja sek\u00e4 gongeja<\/strong>. Silken-symbaalien huippusarjat ovat laadukasta B20 pronssia.<br><br>Valikoimastamme l\u00f6yd\u00e4t viel\u00e4 my\u00f6s vasikannahkaisia <strong>Earthtone-rumpukalvo<\/strong>ja.<\/p>\n\n\n\n<h2 class=\"wp-block-heading\">Tervetuloa varastolle <\/h2>\n\n\n\n<p class=\"has-text-align-justify\">Toimipisteeni on yksi Suomen suurimmista symbaalivarastoista. Se sijaitsee keskeisell\u00e4 paikalla Tampereen keskustassa ja on avoinna sopimuksen mukaan. Symbaalien testaamista varten k\u00e4ytett\u00e4viss\u00e4nne on rumpusetti ja runsaasti oheistarvikkeita. Suosittelen oman tutun symbaalin ja kapulaparin mukaan ottamista vertailua ja valintaa varten.<\/p>\n\n\n\n<p><strong>Yhteydenotot<\/strong>: Janne M. Salo \/ jannesposti@gmail.com \/ 040 847 1237<br><br>Voit seurata meit\u00e4 Facebook-sivulla <a href=\"https:\/\/www.facebook.com\/bosphoruscymbalsfinland\">Bosphorus Cymbals &#8211; Finland<\/a><br>Tuoteuutisia, n\u00e4ytteit\u00e4 ja paljon muuta l\u00f6yd\u00e4t my\u00f6s <a class=\"ek-link\" href=\"https:\/\/www.bosphoruscymbals.com\/\">valmistajan virallisilta sivuilta<\/a><\/p>\n\n\n\n<table class=\"wp-block-table alignwide\"><tbody><tr><td style=\"padding-right: 10px;vertical-align:top;\"><iframe loading=\"lazy\" src=\"https:\/\/www.google.com\/maps\/embed?pb=!1m18!1m12!1m3!1d1904.0704353033686!2d23.777262716160827!3d61.495201082468355!2m3!1f0!2f0!3f0!3m2!1i1024!2i768!4f13.1!3m3!1m2!1s0x468edf53f7177785%3A0x82fc3b8d40f61de4!2sYliopistonkatu%2060a%2C%2033100%20Tampere!5e0!3m2!1sen!2sfi!4v1569592555803!5m2!1sen!2sfi\" style=\"border:0;\" allowfullscreen=\"\" width=\"3000\" height=\"400\" frameborder=\"0\"><\/iframe><\/td><td style=\"padding-left: 10px;font-size:70%;vertical-align:top;\"><\/td><\/tr><\/tbody><\/table>\n\n\n\n<h5 class=\"wp-block-heading\"><br><br> <br><\/h5>\n\n\n\n<p><\/p>\n","protected":false},"excerpt":{"rendered":"<p>Maahantuomme huippulaadukkaita turkkilaisia Bosphorus-symbaaleja. Laajan varaston valikoimasta l\u00f6ytyy runsaasti erilaisia symbaalimalleja sek\u00e4 paljon erikoisuuksia. JMS Productionin edustajana olen suunnitellut Bosphorukselle my\u00f6s t\u00e4ysin uudenlaisia symbaalisarjoja. Mainittavin n\u00e4ist\u00e4 on Special3 -nimell\u00e4 kulkenut symbaalisarja, jonka ensimm\u00e4iset prototyypit valmistettiin 2006. Sarjan suosio kasvoi mainittavaan mittaan ja 2016 valmistaja virallisti sen nimell\u00e4 Syncopation. T\u00e4m\u00e4n virallisen lanseerauksen my\u00f6t\u00e4 sarjaa my\u00f6s rajattiin &hellip; <\/p>\n<p class=\"link-more\"><a href=\"https:\/\/www.bosphorus.fi\/\" class=\"more-link\">Jatka lukemista<span class=\"screen-reader-text\"> &#8221;&#8221;<\/span><\/a><\/p>\n","protected":false},"author":1,"featured_media":0,"parent":0,"menu_order":0,"comment_status":"closed","ping_status":"closed","template":"","meta":{"_editorskit_title_hidden":false,"_editorskit_reading_time":1,"_editorskit_is_block_options_detached":false,"_editorskit_block_options_position":"{}","footnotes":""},"class_list":["post-7","page","type-page","status-publish","hentry","entry"],"_links":{"self":[{"href":"https:\/\/www.bosphorus.fi\/index.php?rest_route=\/wp\/v2\/pages\/7","targetHints":{"allow":["GET"]}}],"collection":[{"href":"https:\/\/www.bosphorus.fi\/index.php?rest_route=\/wp\/v2\/pages"}],"about":[{"href":"https:\/\/www.bosphorus.fi\/index.php?rest_route=\/wp\/v2\/types\/page"}],"author":[{"embeddable":true,"href":"https:\/\/www.bosphorus.fi\/index.php?rest_route=\/wp\/v2\/users\/1"}],"replies":[{"embeddable":true,"href":"https:\/\/www.bosphorus.fi\/index.php?rest_route=%2Fwp%2Fv2%2Fcomments&post=7"}],"version-history":[{"count":113,"href":"https:\/\/www.bosphorus.fi\/index.php?rest_route=\/wp\/v2\/pages\/7\/revisions"}],"predecessor-version":[{"id":2873,"href":"https:\/\/www.bosphorus.fi\/index.php?rest_route=\/wp\/v2\/pages\/7\/revisions\/2873"}],"wp:attachment":[{"href":"https:\/\/www.bosphorus.fi\/index.php?rest_route=%2Fwp%2Fv2%2Fmedia&parent=7"}],"curies":[{"name":"wp","href":"https:\/\/api.w.org\/{rel}","templated":true}]}}