{"id":66,"date":"2019-09-11T18:30:50","date_gmt":"2019-09-11T15:30:50","guid":{"rendered":"http:\/\/192.168.99.100:8000\/?page_id=66"},"modified":"2026-02-03T15:31:05","modified_gmt":"2026-02-03T15:31:05","slug":"new-orleans-series","status":"publish","type":"page","link":"https:\/\/www.bosphorus.fi\/?page_id=66","title":{"rendered":"New Orleans"},"content":{"rendered":"\n<p class=\"has-text-align-justify\"><em><strong>New Orleans-sarja<\/strong> <\/em>I <em>Keskittyneet ridet ja nopeat crashit.<\/em><br><br>Historiallinen New Orleans on toiminut t\u00e4m\u00e4n symbaalilinjaston autenttisen raa&#8217;an soinnin esikuvana. N\u00e4m\u00e4 symbaalit ovat viimeisteltyj\u00e4 kummaltakin puolelta yhten\u00e4isell\u00e4 sorvauksella keskelt\u00e4 reunaan asti. T\u00e4m\u00e4 voimakas sorvaustekniikka tuottaa keskittyneen ride-kapulasoinnin sek\u00e4 nopean ja kuivan crash-soinnin.<\/p>\n\n\n<div class=\"wp-block-image\">\n<figure class=\"aligncenter size-large\"><img loading=\"lazy\" decoding=\"async\" width=\"1024\" height=\"886\" src=\"https:\/\/www.bosphorus.fi\/wp-content\/uploads\/BOS21no1b-1024x886.jpg\" alt=\"\" class=\"wp-image-687\" srcset=\"https:\/\/www.bosphorus.fi\/wp-content\/uploads\/BOS21no1b-1024x886.jpg 1024w, https:\/\/www.bosphorus.fi\/wp-content\/uploads\/BOS21no1b-300x259.jpg 300w, https:\/\/www.bosphorus.fi\/wp-content\/uploads\/BOS21no1b-768x664.jpg 768w, https:\/\/www.bosphorus.fi\/wp-content\/uploads\/BOS21no1b-1536x1328.jpg 1536w, https:\/\/www.bosphorus.fi\/wp-content\/uploads\/BOS21no1b-2048x1771.jpg 2048w, https:\/\/www.bosphorus.fi\/wp-content\/uploads\/BOS21no1b-1568x1356.jpg 1568w\" sizes=\"auto, (max-width: 1024px) 100vw, 1024px\" \/><figcaption class=\"wp-element-caption\"><strong><span class=\"has-inline-color has-dark-gray-color\">20&#8243; New Orleans ride<\/span><\/strong><\/figcaption><\/figure>\n<\/div>\n\n\n<figure class=\"wp-block-table alignwide is-style-stripes\"><table><tbody><tr><td><strong>Koko<\/strong><\/td><td><strong>Tyyppi, malli  ja paino<\/strong><\/td><td><strong>Varastohinta, ei sis\u00e4ll\u00e4 ALVia<\/strong><\/td><td><strong>Lis\u00e4tietoja<\/strong><\/td><\/tr><tr><td>24&#8243;<\/td><td>Ride paper thin 2696g<\/td><td>450 e<\/td><td>esittelyk\u00e4ytetty<\/td><\/tr><tr><td>22&#8243;<\/td><td>Ride thin 2580g<\/td><td>355 e<\/td><td>esittelyk\u00e4ytetty<\/td><\/tr><tr><td>22&#8243;<\/td><td>Ride paper thin 2355g<\/td><td>355 e<\/td><td>esittelyk\u00e4ytetty<\/td><\/tr><tr><td>21&#8243;<\/td><td>Ride paper thin 1824g<\/td><td>355 e<\/td><td>esittelyk\u00e4ytetty<\/td><\/tr><tr><td>20&#8243;<\/td><td>China 1490g<\/td><td>375 e<\/td><td>esittelyk\u00e4ytetty VARATTU<\/td><\/tr><tr><td>20&#8243;<\/td><td>Ride paper thin 1822g<\/td><td>295 e<\/td><td>esittelyk\u00e4ytetty VARATTU<\/td><\/tr><tr><td>20&#8243;<\/td><td>Ride paper thin 1788g<\/td><td>335 e<\/td><td><\/td><\/tr><tr><td>18&#8243;<\/td><td>Crash thin 1348g<\/td><td>240 e<\/td><td>esittelyk\u00e4ytetty<\/td><\/tr><tr><td>11&#8243;<\/td><td>Splash 327g<\/td><td>125 e<\/td><td>esittelyk\u00e4ytetty<\/td><\/tr><tr><td>10&#8243;<\/td><td>Splash 262g<\/td><td>115 e<\/td><td>esittelyk\u00e4ytetty<\/td><\/tr><tr><td>10&#8243;<\/td><td>Splash 258g<\/td><td>115 e<\/td><td>esittelyk\u00e4ytetty<\/td><\/tr><tr><td>15&#8243;<\/td><td>Hihat 900g\/1120g<\/td><td>345 e<\/td><td>esittelyk\u00e4ytetty<\/td><\/tr><tr><td>14&#8243;<\/td><td>Hihat 918g\/1100g <\/td><td>315 e<\/td><td>esittelyk\u00e4ytetty VARATTU<\/td><\/tr><tr><td><\/td><td><\/td><td><\/td><td><em>lis\u00e4\u00e4 kokoja, malleja ja tyyppej\u00e4 on saatavana tilauksesta<\/em><\/td><\/tr><\/tbody><\/table><\/figure>\n","protected":false},"excerpt":{"rendered":"<p>New Orleans-sarja I Keskittyneet ridet ja nopeat crashit. Historiallinen New Orleans on toiminut t\u00e4m\u00e4n symbaalilinjaston autenttisen raa&#8217;an soinnin esikuvana. N\u00e4m\u00e4 symbaalit ovat viimeisteltyj\u00e4 kummaltakin puolelta yhten\u00e4isell\u00e4 sorvauksella keskelt\u00e4 reunaan asti. T\u00e4m\u00e4 voimakas sorvaustekniikka tuottaa keskittyneen ride-kapulasoinnin sek\u00e4 nopean ja kuivan crash-soinnin. Koko Tyyppi, malli ja paino Varastohinta, ei sis\u00e4ll\u00e4 ALVia Lis\u00e4tietoja 24&#8243; Ride paper thin &hellip; <\/p>\n<p class=\"link-more\"><a href=\"https:\/\/www.bosphorus.fi\/?page_id=66\" class=\"more-link\">Jatka lukemista<span class=\"screen-reader-text\"> &#8221;New Orleans&#8221;<\/span><\/a><\/p>\n","protected":false},"author":1,"featured_media":0,"parent":9,"menu_order":0,"comment_status":"closed","ping_status":"closed","template":"page_bosphorus.php","meta":{"_editorskit_title_hidden":false,"_editorskit_reading_time":1,"_editorskit_is_block_options_detached":false,"_editorskit_block_options_position":"{}","footnotes":""},"class_list":["post-66","page","type-page","status-publish","hentry","entry"],"_links":{"self":[{"href":"https:\/\/www.bosphorus.fi\/index.php?rest_route=\/wp\/v2\/pages\/66","targetHints":{"allow":["GET"]}}],"collection":[{"href":"https:\/\/www.bosphorus.fi\/index.php?rest_route=\/wp\/v2\/pages"}],"about":[{"href":"https:\/\/www.bosphorus.fi\/index.php?rest_route=\/wp\/v2\/types\/page"}],"author":[{"embeddable":true,"href":"https:\/\/www.bosphorus.fi\/index.php?rest_route=\/wp\/v2\/users\/1"}],"replies":[{"embeddable":true,"href":"https:\/\/www.bosphorus.fi\/index.php?rest_route=%2Fwp%2Fv2%2Fcomments&post=66"}],"version-history":[{"count":52,"href":"https:\/\/www.bosphorus.fi\/index.php?rest_route=\/wp\/v2\/pages\/66\/revisions"}],"predecessor-version":[{"id":3035,"href":"https:\/\/www.bosphorus.fi\/index.php?rest_route=\/wp\/v2\/pages\/66\/revisions\/3035"}],"up":[{"embeddable":true,"href":"https:\/\/www.bosphorus.fi\/index.php?rest_route=\/wp\/v2\/pages\/9"}],"wp:attachment":[{"href":"https:\/\/www.bosphorus.fi\/index.php?rest_route=%2Fwp%2Fv2%2Fmedia&parent=66"}],"curies":[{"name":"wp","href":"https:\/\/api.w.org\/{rel}","templated":true}]}}