{"id":38,"date":"2019-09-11T13:46:51","date_gmt":"2019-09-11T10:46:51","guid":{"rendered":"http:\/\/192.168.99.100:8000\/?page_id=38"},"modified":"2025-06-05T20:56:07","modified_gmt":"2025-06-05T20:56:07","slug":"kaytetyt","status":"publish","type":"page","link":"https:\/\/www.bosphorus.fi\/?page_id=38","title":{"rendered":"K\u00e4ytetyt"},"content":{"rendered":"\n<p>(Useimmat vain esittelyk\u00e4yttettyj\u00e4)<\/p>\n\n\n\n<p><strong><em>Bosphorus ride-, crash- ja hihat \u2013 symbaaleja<\/em><\/strong><\/p>\n\n\n\n<p><br>24\u2033 Ride Special3 3360g, siisti,<br>23\u2033 Ride Custom \u2013 yksil\u00f6 medium 3294g, p\u00e4\u00e4lt\u00e4 sorvattu\/alta sorvaamaton<br>18\u2033 Crash Golden Horn 1516g, <br>18\u2033 Crash Control 1490g, <br>18\u2033 Crash Gold FX18 1260g,<br>18\u2033 Crash Gold fast 1486g, siisti, <br>18\u2033 Crash Special3 1420g,<br>16\u2033 Crash Golden Horn 998g<br>16\u2033 Crash Prototyyppi 916g, <br>16\u2033 Crash Gold FX6 840g,<br>14\u2033 Crash Traditional thin 674g<br>14\u2033 Hihat Golden Horn 860g\/1026g<br>14\u2033 Hihat Golden Horn 876g\/1040g<br><br><em><strong>Yksitt\u00e4isi\u00e4 Bosphorus hihat top- ja bottom \u2013 symbaaleja<\/strong><\/em><br>15\u2033 Special3 bottom 1450g, <br>15\u2033 Control bottom 1326g,<br>15\u2033 Turk bottom 1288g,<br>15\u2033 Turk flat 1192g,<br>15\u2033 Turk bottom 1152g,<br>15\u2033 Control top 1036g, <br>14\u2033 Special3 top 1000g,<br>14\u2033 Special3 top 970g,<br>14\u2033 Special3 bottom 970g, <br>14\u2033 Prototype top 930g,<br>14\u2033 Traditional top 950g, VARATTU<br>14\u2033 Custom bottom 1040g,<br><br><strong><em>Silken gongeja ja symbaaleja<\/em><\/strong><br>100 cm Chao gongi 21000g, pient\u00e4 k\u00e4yt\u00f6n j\u00e4lke\u00e4, 1200 e<br>70 cm Chao gongi 7900g, pient\u00e4 k\u00e4yt\u00f6n j\u00e4lke\u00e4, 450 e<br>18\u2033 Ride, esittelyk\u00e4ytetty siisti yksil\u00f6, 150 e<\/p>\n\n\n\n<p><strong><em>Crash \u2013 symbaaleja<\/em><\/strong><br>15\u2033 Turkish Rock Beat Crash, siisti,<br>14\u2033 Turkish Classic paper thin, siisti,<\/p>\n\n\n\n<p><strong><em>Ride \u2013 symbaaleja<\/em><\/strong><br>22\u2033 Istanbul Agop Ride heavy, v\u00e4h\u00e4n k\u00e4ytetty ja siisti, 300 e<br>20\u2033 Masterwork Ponthus Crash Ride 2177g, k\u00e4ytt\u00e4m\u00e4t\u00f6n, 250e<br>20\u2033 Sabian AA ride, 250 e<br>20\u2033 Sabian HH Flat Ride, hyvin pidetty ja siisti, 300 e<br>20\u2033 Sabian HH Orchestral orkesterisymbaaliparin toinen puolisko, paksuusluokitus thin \u2013 medium thin. Valittu rideksi jazz \u2013 k\u00e4ytt\u00f6\u00f6n, hienosointinen yksil\u00f6. V\u00e4h\u00e4n k\u00e4ytetty ja siisti, 350 e<\/p>\n\n\n\n<p><em><strong>Hihat \u2013 symbaaleja<\/strong><\/em><br>14\u2033 K Zildjian, uusia vastaavat<br>14\u2033 Masterwork Jazz Pointer, uusia vastaavat<br>13\u2033 Ufip Band symbaalit hihat \u2013 parina. Paksuusluokitus heavy, kunto hyv\u00e4<br>12\u2033 Masterwork Custom, uusia vastaavat<\/p>\n\n\n\n<p class=\"has-text-align-justify\"><strong><em>Splash \u2013 symbaaleja<\/em><\/strong><br><em>*kaikki uudenveroisia, vain koesoitettuja<\/em><br>10\u2033 Turkish Classic.<br>10\u2033 Turkish Rock Beat.<br>10\u2033 Masterwork Ponthus.<br>9\u2033 Turkish Classic.<\/p>\n\n\n\n<p class=\"has-text-align-justify\"><em><strong>Vintage &#8211; rumpusettej\u00e4<\/strong><\/em><br><br>\u25b8 <strong>Ludwig<\/strong> white marine pearl, 1960 &#8211; luku. Buddy Rich meininki\u00e4. BD 22\u2033, FT 16&#8243;, TT 13&#8243;. Alkuper\u00e4iset bassorummun vanteet j\u00e4\u00e4neet matkalle ja korvattu metallisilla.<br><br><strong><em>Muita rumpusettej\u00e4<\/em><\/strong><br><br>\u25b8 <strong>Premier<\/strong> XPK, BD 22\u2033 x 16&#8243;, FT 16\u2033 x 14\u2033, 2 kpl TT 14\u2033 x 12\u2033, 2 kpl TT 12\u2033 x 10\u2033 ja 2 kpl TT 10\u2033 x 9\u2033. Eli yhteens\u00e4 7 tomia. V\u00e4ri turkoosi lakatulla puupinnalla. Bassorummun yl\u00e4pinnassa ja badgessa kapulan j\u00e4lki\u00e4.<br><\/p>\n","protected":false},"excerpt":{"rendered":"<p>(Useimmat vain esittelyk\u00e4yttettyj\u00e4) Bosphorus ride-, crash- ja hihat \u2013 symbaaleja 24\u2033 Ride Special3 3360g, siisti,23\u2033 Ride Custom \u2013 yksil\u00f6 medium 3294g, p\u00e4\u00e4lt\u00e4 sorvattu\/alta sorvaamaton18\u2033 Crash Golden Horn 1516g, 18\u2033 Crash Control 1490g, 18\u2033 Crash Gold FX18 1260g,18\u2033 Crash Gold fast 1486g, siisti, 18\u2033 Crash Special3 1420g,16\u2033 Crash Golden Horn 998g16\u2033 Crash Prototyyppi 916g, 16\u2033 Crash &hellip; <\/p>\n<p class=\"link-more\"><a href=\"https:\/\/www.bosphorus.fi\/?page_id=38\" class=\"more-link\">Jatka lukemista<span class=\"screen-reader-text\"> &#8221;K\u00e4ytetyt&#8221;<\/span><\/a><\/p>\n","protected":false},"author":1,"featured_media":0,"parent":0,"menu_order":0,"comment_status":"closed","ping_status":"closed","template":"","meta":{"_editorskit_title_hidden":false,"_editorskit_reading_time":3,"_editorskit_is_block_options_detached":false,"_editorskit_block_options_position":"{}","footnotes":""},"class_list":["post-38","page","type-page","status-publish","hentry","entry"],"_links":{"self":[{"href":"https:\/\/www.bosphorus.fi\/index.php?rest_route=\/wp\/v2\/pages\/38","targetHints":{"allow":["GET"]}}],"collection":[{"href":"https:\/\/www.bosphorus.fi\/index.php?rest_route=\/wp\/v2\/pages"}],"about":[{"href":"https:\/\/www.bosphorus.fi\/index.php?rest_route=\/wp\/v2\/types\/page"}],"author":[{"embeddable":true,"href":"https:\/\/www.bosphorus.fi\/index.php?rest_route=\/wp\/v2\/users\/1"}],"replies":[{"embeddable":true,"href":"https:\/\/www.bosphorus.fi\/index.php?rest_route=%2Fwp%2Fv2%2Fcomments&post=38"}],"version-history":[{"count":168,"href":"https:\/\/www.bosphorus.fi\/index.php?rest_route=\/wp\/v2\/pages\/38\/revisions"}],"predecessor-version":[{"id":3010,"href":"https:\/\/www.bosphorus.fi\/index.php?rest_route=\/wp\/v2\/pages\/38\/revisions\/3010"}],"wp:attachment":[{"href":"https:\/\/www.bosphorus.fi\/index.php?rest_route=%2Fwp%2Fv2%2Fmedia&parent=38"}],"curies":[{"name":"wp","href":"https:\/\/api.w.org\/{rel}","templated":true}]}}