{"id":34,"date":"2019-09-11T13:42:54","date_gmt":"2019-09-11T10:42:54","guid":{"rendered":"http:\/\/192.168.99.100:8000\/?page_id=34"},"modified":"2026-02-03T16:16:16","modified_gmt":"2026-02-03T16:16:16","slug":"silken","status":"publish","type":"page","link":"https:\/\/www.bosphorus.fi\/?page_id=34","title":{"rendered":"Silken"},"content":{"rendered":"\n<p>Huom. T\u00e4ll\u00e4 sivulla Silken symbaalit sek\u00e4 gongit.<br><\/p>\n\n\n\n<p class=\"has-text-align-justify\"><strong><em>Silken &#8211; symbaalit<\/em><\/strong> ovat uuden polven kiinalaisia k\u00e4sin tehtyj\u00e4 symbaaleja joiden hinta-laatusuhde on erinomainen. Silkenin nelj\u00e4 laadukkainta sarjaa Jerez, Sebring, Avus ja Trois ovat valmistettu tarkoin kriteerein sekoitetusta B20 pronssiseoksesta.<\/p>\n\n\n\n<p class=\"has-text-align-justify\"><strong>Jerez<\/strong>&nbsp;on perinteisesti kauttaaltaan sorvattu sarja ja sen sointi on kirkas.<br><strong><br>Sebring<\/strong>&nbsp;on soinniltaan edellist\u00e4 hieman tummempi ja yl\u00e4-\u00e4\u00e4nilt\u00e4\u00e4n hillitympi sarja kiillotetulla viimeistelyll\u00e4.<br><br><strong>Avus<\/strong>&nbsp;soi hieman kontrolloidummin, pehme\u00e4mmin ja savuisemmin edellisiin verrattuna.<br><br><strong>Trois<\/strong>&nbsp;on t\u00e4ysin sorvaamaton sarja ja se on soinniltaan kuivempi, tummempi ja raaempi.<br><br><strong>Borealis<\/strong>&nbsp;on B12 pronssiseoksesta valmistettu sarja, jonka soinnissa on puolestaan enemm\u00e4n atakkia ja ter\u00e4vyytt\u00e4 n\u00e4it\u00e4 ominaisuuksia hakevalle.<br><br><strong>Aurora<\/strong>&nbsp;on Silkenin edullisin sarja. Se on valmistettu messingist\u00e4 ja sen soinnissa on samaa ter\u00e4vyytt\u00e4 kuin Borealis sarjassa.<strong><br><\/strong><br>Silken &#8211; valikoimastani l\u00f6yd\u00e4t my\u00f6s erilaiset stack-symbaaliparit, efektisymbaalit sek\u00e4 perinteiset kiinalaiset gongit. Kaikissa valmistajan china-symbaaleissa on turkkilaistyyppinen py\u00f6re\u00e4 kupu.<\/p>\n\n\n<div class=\"wp-block-image is-resized\">\n<figure class=\"aligncenter\"><img decoding=\"async\" src=\"https:\/\/www.cymbals.fi\/uploads\/images\/SilkSetwww2.jpg\" alt=\"\"\/><figcaption class=\"wp-element-caption\"><strong> <span class=\"has-inline-color has-dark-gray-color\">Silken &#8211; symbaaleja<\/span><\/strong><\/figcaption><\/figure>\n<\/div>\n\n\n<figure class=\"wp-block-table alignwide is-style-stripes\"><table><tbody><tr><td><strong>Koko<\/strong><\/td><td><strong>Sarja<\/strong><\/td><td><strong>Tyyppi, malli ja paino<\/strong><\/td><td><strong><strong>Varastohinta, ei sis\u00e4ll\u00e4 ALVia<\/strong><\/strong><\/td><\/tr><tr><td>20\u2033<\/td><td>Aurora<\/td><td>Ride paper thin 1834g (huom: messinki\u00e4)<\/td><td>60 e<\/td><\/tr><tr><td>20\u2033<\/td><td>Aurora<\/td><td>Ride paper thin 1832g (huom: messinki\u00e4)<\/td><td>60 e<\/td><\/tr><tr><td>18\u2033<\/td><td>Jerez<\/td><td>Ride medium 1608g<\/td><td>115 e<\/td><\/tr><tr><td>18\u2033<\/td><td>Jerez<\/td><td>Ride medium 1577g<\/td><td>115 e<\/td><\/tr><tr><td>18\u2033<\/td><td>Jerez<\/td><td>Ride medium 1521g<\/td><td>115 e<\/td><\/tr><tr><td>18\u2033<\/td><td>Jerez<\/td><td>Crash paper thin 1291g<\/td><td>145 e<\/td><\/tr><tr><td>18\u2033<\/td><td>Jerez<\/td><td>Crash paper thin 1276g<\/td><td>145 e<\/td><\/tr><tr><td>18\u2033<\/td><td>Avus<\/td><td>Crash medium thin 1476g<\/td><td>145 e<\/td><\/tr><tr><td>17\u2033<\/td><td>Jerez<\/td><td>Crash medium 1286g<\/td><td>115 e<\/td><\/tr><tr><td>17\u2033<\/td><td>Sebring<\/td><td>Crash medium thin 1197g<\/td><td>125 e<\/td><\/tr><tr><td>17\u2033<\/td><td>Jerez<\/td><td>Crash medium thin 1222g<\/td><td>115 e<\/td><\/tr><tr><td>17\u2033<\/td><td>Avus<\/td><td>Crash thin 1104g<\/td><td>125 e<\/td><\/tr><tr><td>17\u2033<\/td><td>Avus<\/td><td>Crash thin 1073g<\/td><td>125 e<\/td><\/tr><tr><td>16\u2033<\/td><td>Jerez<\/td><td>Crash medium thin 986g<\/td><td>115 e<\/td><\/tr><tr><td>16\u2033<\/td><td>Avus<\/td><td>Crash thin 943g<\/td><td>115 e<\/td><\/tr><tr><td>16&#8243;<\/td><td>Sebring<\/td><td>O-Zone Crash 997g, rei&#8217;itetty efektisymbaali<\/td><td>115 e<\/td><\/tr><tr><td>16\u2033<\/td><td>Trois<\/td><td>Crash medium 1161g<\/td><td>90 e<\/td><\/tr><tr><td>16&#8243;<\/td><td>Trois<\/td><td>Crash medium 1040g<\/td><td>90 e<\/td><\/tr><tr><td>16\u2033<\/td><td>Aurora<\/td><td>Crash medium heavy 1242g (huom: messinki\u00e4)<\/td><td>50 e<\/td><\/tr><tr><td>14\u2033<\/td><td>Jerez<\/td><td>Crash medium 751g<\/td><td>75 e<\/td><\/tr><tr><td>14\u2033<\/td><td>Jerez<\/td><td>Crash medium thin 746g<\/td><td>75 e<\/td><\/tr><tr><td>14\u2033<\/td><td>Trois<\/td><td>Crash medium thin 729g<\/td><td>65 e<\/td><\/tr><tr><td>16\u2033<\/td><td>Sebring<\/td><td>Ozone Crash medium thin 997g, rei&#8217;itetty efektisymbaali<\/td><td>116 e<\/td><\/tr><tr><td>10\u2033<\/td><td>Jerez<\/td><td>Splash <\/td><td>45 e<\/td><\/tr><tr><td>10\u2033<\/td><td>Jerez<\/td><td>Splash<\/td><td>45 e<\/td><\/tr><tr><td>10\u2033<\/td><td>Jerez<\/td><td>Splash <\/td><td>45 e<\/td><\/tr><tr><td>10\u2033<\/td><td>Jerez<\/td><td>Splash <\/td><td>45 e<\/td><\/tr><tr><td>12\u2033-8&#8243;<\/td><td>Avus<\/td><td>Stack EF812 916g, 8\u2033 Avus Splash niitattu 12\u2033 Trois Crashin p\u00e4\u00e4lle<\/td><td>110 e<\/td><\/tr><tr><td>12\u2033-8&#8243;<\/td><td>Avus<\/td><td>Stack EF812 780g, 8\u2033 Avus Splash niitattu 12\u2033 Trois Crashin p\u00e4\u00e4lle<\/td><td>110 e<\/td><\/tr><tr><td>12\u2033-8&#8243;<\/td><td>Avus<\/td><td>Stack EF812 748e, 8\u2033 Avus Splash niitattu 12\u2033 Trois Crashin p\u00e4\u00e4lle<\/td><td>110 e<\/td><\/tr><tr><td>14\u2033<\/td><td>Trois<\/td><td>Stack Crash 730g \/China 700g<\/td><td>140 e<\/td><\/tr><tr><td>12\u2033<\/td><td>Jerez\/Trois<\/td><td>Stack Splash 504g\/China 536g<\/td><td>100 e<\/td><\/tr><tr><td>10\u2033<\/td><td>Trois\/Jerez<\/td><td>Stack China 354g\/Splash 265g<\/td><td>75 e<\/td><\/tr><tr><td>12\u2033-8&#8243;<\/td><td>Jerez<\/td><td>Stack 12&#8243; Splash 517g\/8\u2033 Splash 225g<\/td><td>90 e<\/td><\/tr><tr><td>12\u2033-10&#8243;<\/td><td>Jerez<\/td><td>Stack 12\u2033 Splash 552g\/10\u2033 Splash 309g<\/td><td>90 e<\/td><\/tr><tr><td>17\u2033<\/td><td>Avus<\/td><td>China 1098g<\/td><td>125 e<\/td><\/tr><tr><td>17\u2033<\/td><td>Trois<\/td><td>China 1251g<\/td><td>110 e<\/td><\/tr><tr><td>16\u2033<\/td><td>Trois<\/td><td>China 1007g<\/td><td>100 e<\/td><\/tr><tr><td>16\u2033<\/td><td>Avus<\/td><td>China 963g<\/td><td>116 e<\/td><\/tr><tr><td>16&#8243;<\/td><td>Avus<\/td><td>China 932g<\/td><td>100 e<\/td><\/tr><tr><td>14\u2033<\/td><td>Sebring<\/td><td>China 937g<\/td><td>75 e<\/td><\/tr><tr><td>14\u2033<\/td><td>Trois<\/td><td>China 716g<\/td><td>70 e<\/td><\/tr><tr><td>14\u2033<\/td><td>Avus<\/td><td>China 692g<\/td><td>75 e<\/td><\/tr><tr><td>12\u2033<\/td><td>Sebring<\/td><td>China 585g<\/td><td>55 e<\/td><\/tr><tr><td>12\u2033<\/td><td>Avus<\/td><td>China 584g<\/td><td>55 e<\/td><\/tr><tr><td>12\u2033<\/td><td>Avus<\/td><td>China 583g<\/td><td>55 e<\/td><\/tr><tr><td>12\u2033<\/td><td>Avus<\/td><td>China 509g<\/td><td>55 e<\/td><\/tr><tr><td>12\u2033<\/td><td>Trois<\/td><td>China 536g<\/td><td>55 e<\/td><\/tr><tr><td>10\u2033<\/td><td>Sebring<\/td><td>China 355g<\/td><td>45 e<\/td><\/tr><tr><td>10\u2033<\/td><td>Avus<\/td><td>China 326g<\/td><td>45 e<\/td><\/tr><tr><td>10\u2033<\/td><td>Trois<\/td><td>China 375g<\/td><td>35 e<\/td><\/tr><tr><td>10\u2033<\/td><td>Trois<\/td><td>China 333g<\/td><td>35 e<\/td><\/tr><tr><td>8\u2033<\/td><td>Avus<\/td><td>China 209g<\/td><td>35 e<\/td><\/tr><tr><td>8\u2033<\/td><td>Trois<\/td><td>China 212g<\/td><td>30 e<\/td><\/tr><tr><td>8\u2033<\/td><td>Trois<\/td><td>China 178g<\/td><td>30 e<\/td><\/tr><tr><td>14&#8243;<\/td><td>Trois<\/td><td>Hihat 1055g\/1210g, kuvuton flat-alasymbaali<\/td><td>170 e<\/td><\/tr><tr><td>14&#8243;<\/td><td>Sebring<\/td><td>Hihat 986g\/1180g<\/td><td>180 e<\/td><\/tr><tr><td>14\u2033<\/td><td>Aurora<\/td><td>Hihat 960g\/962g  (huom: messinki\u00e4)<\/td><td>75 e<\/td><\/tr><tr><td>13\u2033<\/td><td>Sebring<\/td><td>Hihat 795g\/982g<\/td><td>150 e<\/td><\/tr><tr><td>13\u2033<\/td><td>Jerez<\/td><td>Hihat 771g\/942g<\/td><td>130 e<\/td><\/tr><tr><td>13\u2033<\/td><td>Jerez<\/td><td>Hihat 769g\/958g<\/td><td>130 e<\/td><\/tr><tr><td>13\u2033<\/td><td>Jerez<\/td><td>Hihat 826g\/950g<\/td><td>120 e<\/td><\/tr><tr><td>10\u2033<\/td><td>Jerez<\/td><td>Hihat, koottu kahdesta splash-symbaalista<\/td><td>90 e<\/td><\/tr><\/tbody><\/table><figcaption class=\"wp-element-caption\"><br><\/figcaption><\/figure>\n\n\n\n<p class=\"has-text-align-justify\"><strong><em>Silken &#8211; gongit<\/em><\/strong> ovat kiinalaisen perinteen mukaisesti Wuhanin tehtaalla valmistettuja laatugongeja. Niit\u00e4 on kahta eri tyyppi\u00e4: Chao gongi ja litte\u00e4profiilinen Wind gongi.<\/p>\n\n\n<div class=\"wp-block-image is-resized\">\n<figure class=\"aligncenter size-large\"><img loading=\"lazy\" decoding=\"async\" width=\"342\" height=\"343\" src=\"https:\/\/www.bosphorus.fi\/wp-content\/uploads\/Ghao55b.jpg\" alt=\"\" class=\"wp-image-2161\" srcset=\"https:\/\/www.bosphorus.fi\/wp-content\/uploads\/Ghao55b.jpg 342w, https:\/\/www.bosphorus.fi\/wp-content\/uploads\/Ghao55b-300x300.jpg 300w, https:\/\/www.bosphorus.fi\/wp-content\/uploads\/Ghao55b-150x150.jpg 150w\" sizes=\"auto, (max-width: 342px) 100vw, 342px\" \/><figcaption class=\"wp-element-caption\"><strong><span class=\"has-inline-color has-dark-gray-color\">55cm Chao gongi<\/span><\/strong><\/figcaption><\/figure>\n<\/div>\n\n<div class=\"wp-block-image is-resized\">\n<figure class=\"aligncenter size-large\"><img loading=\"lazy\" decoding=\"async\" width=\"373\" height=\"378\" src=\"https:\/\/www.bosphorus.fi\/wp-content\/uploads\/Wind70b.jpg\" alt=\"\" class=\"wp-image-2163\" srcset=\"https:\/\/www.bosphorus.fi\/wp-content\/uploads\/Wind70b.jpg 373w, https:\/\/www.bosphorus.fi\/wp-content\/uploads\/Wind70b-296x300.jpg 296w\" sizes=\"auto, (max-width: 373px) 100vw, 373px\" \/><figcaption class=\"wp-element-caption\"><strong><span class=\"has-inline-color has-dark-gray-color\">70cm Wind gongi<\/span><\/strong><\/figcaption><\/figure>\n<\/div>\n\n\n<figure class=\"wp-block-table is-style-stripes\"><table><tbody><tr><td><strong>Koko<\/strong><\/td><td><strong>Tyyppi, malli ja paino<\/strong><\/td><td><strong>Varastohinta, ALV 0%<\/strong><\/td><\/tr><tr><td>55cm<\/td><td>Chao 3590g<\/td><td>295 e  KYSY<\/td><\/tr><tr><td>45cm<\/td><td>Chao 2477g<\/td><td>180 e  KYSY<\/td><\/tr><tr><td>45cm<\/td><td>Chao 2644g<\/td><td>VARATTU<\/td><\/tr><tr><td>20cm<\/td><td>Chao 5??g<\/td><td>50 e  KYSY<\/td><\/tr><tr><td>20cm<\/td><td>Chao 4??g<\/td><td>50 e  KYSY<\/td><\/tr><tr><td>18cm<\/td><td>Chao 3??g<\/td><td>40 e  KYSY<\/td><\/tr><tr><td>18cm<\/td><td>Chao 3??g<\/td><td>40 e  KYSY<\/td><\/tr><tr><td>80cm<\/td><td>Wind 7500g<\/td><td>650 e  KYSY<\/td><\/tr><tr><td>70cm<\/td><td>Wind 6100g<\/td><td>500 e  KYSY<\/td><\/tr><tr><td>55cm<\/td><td>Wind 2948g<\/td><td>235 e  KYSY<\/td><\/tr><tr><td>50cm<\/td><td>Wind 1915g<\/td><td>200 e  KYSY<\/td><\/tr><tr><td>45cm<\/td><td>Wind 1753g<\/td><td>155 e  KYSY<\/td><\/tr><tr><td>35cm<\/td><td>Wind 1070g<\/td><td>90 e  KYSY<\/td><\/tr><tr><td>30cm<\/td><td>Wind 797g<\/td><td>65 e  KYSY<\/td><\/tr><tr><td>25cm<\/td><td>Wind 4??g<\/td><td>50 e  KYSY<\/td><\/tr><tr><td>20cm<\/td><td>Wind 2??g<\/td><td>40 e  KYSY<\/td><\/tr><tr><td>15cm<\/td><td>Wind 2??g<\/td><td>30 e  KYSY<\/td><\/tr><tr><td>15cm<\/td><td>Wind 2??g<\/td><td>30 e  KYSY<\/td><\/tr><tr><td>15cm<\/td><td>Wind 1??g<\/td><td>30 e  KYSY<\/td><\/tr><\/tbody><\/table><\/figure>\n","protected":false},"excerpt":{"rendered":"<p>Huom. T\u00e4ll\u00e4 sivulla Silken symbaalit sek\u00e4 gongit. Silken &#8211; symbaalit ovat uuden polven kiinalaisia k\u00e4sin tehtyj\u00e4 symbaaleja joiden hinta-laatusuhde on erinomainen. Silkenin nelj\u00e4 laadukkainta sarjaa Jerez, Sebring, Avus ja Trois ovat valmistettu tarkoin kriteerein sekoitetusta B20 pronssiseoksesta. Jerez&nbsp;on perinteisesti kauttaaltaan sorvattu sarja ja sen sointi on kirkas.Sebring&nbsp;on soinniltaan edellist\u00e4 hieman tummempi ja yl\u00e4-\u00e4\u00e4nilt\u00e4\u00e4n hillitympi sarja &hellip; <\/p>\n<p class=\"link-more\"><a href=\"https:\/\/www.bosphorus.fi\/?page_id=34\" class=\"more-link\">Jatka lukemista<span class=\"screen-reader-text\"> &#8221;Silken&#8221;<\/span><\/a><\/p>\n","protected":false},"author":1,"featured_media":0,"parent":0,"menu_order":0,"comment_status":"closed","ping_status":"closed","template":"","meta":{"_editorskit_title_hidden":false,"_editorskit_reading_time":3,"_editorskit_is_block_options_detached":false,"_editorskit_block_options_position":"{}","footnotes":""},"class_list":["post-34","page","type-page","status-publish","hentry","entry"],"_links":{"self":[{"href":"https:\/\/www.bosphorus.fi\/index.php?rest_route=\/wp\/v2\/pages\/34","targetHints":{"allow":["GET"]}}],"collection":[{"href":"https:\/\/www.bosphorus.fi\/index.php?rest_route=\/wp\/v2\/pages"}],"about":[{"href":"https:\/\/www.bosphorus.fi\/index.php?rest_route=\/wp\/v2\/types\/page"}],"author":[{"embeddable":true,"href":"https:\/\/www.bosphorus.fi\/index.php?rest_route=\/wp\/v2\/users\/1"}],"replies":[{"embeddable":true,"href":"https:\/\/www.bosphorus.fi\/index.php?rest_route=%2Fwp%2Fv2%2Fcomments&post=34"}],"version-history":[{"count":66,"href":"https:\/\/www.bosphorus.fi\/index.php?rest_route=\/wp\/v2\/pages\/34\/revisions"}],"predecessor-version":[{"id":3043,"href":"https:\/\/www.bosphorus.fi\/index.php?rest_route=\/wp\/v2\/pages\/34\/revisions\/3043"}],"wp:attachment":[{"href":"https:\/\/www.bosphorus.fi\/index.php?rest_route=%2Fwp%2Fv2%2Fmedia&parent=34"}],"curies":[{"name":"wp","href":"https:\/\/api.w.org\/{rel}","templated":true}]}}