{"id":21,"date":"2019-09-11T13:01:35","date_gmt":"2019-09-11T10:01:35","guid":{"rendered":"http:\/\/192.168.99.100:8000\/?page_id=21"},"modified":"2025-06-05T20:30:02","modified_gmt":"2025-06-05T20:30:02","slug":"turk-series-ja-turk-brilliant","status":"publish","type":"page","link":"https:\/\/www.bosphorus.fi\/?page_id=21","title":{"rendered":"Turk &#038; Turk Special"},"content":{"rendered":"\n<p class=\"has-text-align-justify\"><em><strong>Turk-sarja<\/strong> <\/em>I<em> Sorvaamattoman symbaalin tumma ja raaka sointi<\/em>.<br><br>Turk-sarjan symbaalit ovat t\u00e4ysin sorvaamattomia. Niiden esoteerisen moniulotteinen ja silti maanl\u00e4heinen sointi tekee Turk-sarjasta erinomaisen lis\u00e4n perinteisten symbaalityyppien rinnalle. T\u00e4m\u00e4 symbaalilinjasto tarjoaa hienovaraiselle soittajalle korostuneen herk\u00e4n ja nyassirikkaan instrumentin.<\/p>\n\n\n\n<p class=\"has-text-align-justify\"><em><strong>Turk Special-sarja<\/strong> <\/em>I<em> V\u00e4lisorvattu kaksiosaisen l\u00e4mp\u00f6k\u00e4sittelyn v\u00e4liss\u00e4.<\/em><br><br>T\u00e4m\u00e4 k\u00e4sittely yhdist\u00e4\u00e4 ominaisuuksia t\u00e4ysin sorvatusta ja t\u00e4ysin sorvaamattomasta symbaalista. Yhdess\u00e4 n\u00e4ist\u00e4 muodostuu ainutlaatuinen kokonaisuus samaan tapaan kuin Black Pearl-sarjan symbaaleissa. Turk Special on v\u00e4rilt\u00e4\u00e4n perinteisen Turk-sarjan mukainen, mutta tarkemmin katsoen erottuvat sorvausurat symbaalin pinnassa.<\/p>\n\n\n<div class=\"wp-block-image\">\n<figure class=\"aligncenter size-large\"><img loading=\"lazy\" decoding=\"async\" width=\"1024\" height=\"883\" src=\"https:\/\/www.bosphorus.fi\/wp-content\/uploads\/BOS21tk1b-1024x883.jpg\" alt=\"\" class=\"wp-image-692\" srcset=\"https:\/\/www.bosphorus.fi\/wp-content\/uploads\/BOS21tk1b-1024x883.jpg 1024w, https:\/\/www.bosphorus.fi\/wp-content\/uploads\/BOS21tk1b-300x259.jpg 300w, https:\/\/www.bosphorus.fi\/wp-content\/uploads\/BOS21tk1b-768x662.jpg 768w, https:\/\/www.bosphorus.fi\/wp-content\/uploads\/BOS21tk1b-1536x1325.jpg 1536w, https:\/\/www.bosphorus.fi\/wp-content\/uploads\/BOS21tk1b-2048x1766.jpg 2048w, https:\/\/www.bosphorus.fi\/wp-content\/uploads\/BOS21tk1b-1568x1352.jpg 1568w\" sizes=\"auto, (max-width: 1024px) 100vw, 1024px\" \/><figcaption class=\"wp-element-caption\"><strong><span class=\"has-inline-color has-dark-gray-color\">20&#8243; Turk thin ride<\/span><\/strong><\/figcaption><\/figure>\n<\/div>\n\n<div class=\"wp-block-image\">\n<figure class=\"aligncenter size-large\"><img loading=\"lazy\" decoding=\"async\" width=\"1024\" height=\"893\" src=\"https:\/\/www.bosphorus.fi\/wp-content\/uploads\/Tksp20m1-1024x893.jpg\" alt=\"\" class=\"wp-image-784\" srcset=\"https:\/\/www.bosphorus.fi\/wp-content\/uploads\/Tksp20m1-1024x893.jpg 1024w, https:\/\/www.bosphorus.fi\/wp-content\/uploads\/Tksp20m1-300x262.jpg 300w, https:\/\/www.bosphorus.fi\/wp-content\/uploads\/Tksp20m1-768x670.jpg 768w, https:\/\/www.bosphorus.fi\/wp-content\/uploads\/Tksp20m1.jpg 1425w\" sizes=\"auto, (max-width: 1024px) 100vw, 1024px\" \/><figcaption class=\"wp-element-caption\"><strong><span class=\"has-inline-color has-dark-gray-color\">20&#8243; Turk Special thin ride<\/span><\/strong><\/figcaption><\/figure>\n<\/div>\n\n\n<figure class=\"wp-block-table alignwide is-style-stripes\"><table><tbody><tr><td><strong>Koko<\/strong><\/td><td><strong>Tyyppi, malli ja paino<\/strong><\/td><td><strong>Varastohinta, ei sis\u00e4ll\u00e4 ALVia<\/strong><\/td><td><strong>Lis\u00e4tietoja<\/strong><\/td><\/tr><tr><td>24&#8243;<\/td><td>Ride thin 2990g<\/td><td>450 e<\/td><td>esittelyk\u00e4ytetty<\/td><\/tr><tr><td>23&#8243;<\/td><td>Special Ride ultra thin 1970g<\/td><td>495 e<\/td><td>esittelyk\u00e4ytetty<\/td><\/tr><tr><td>22&#8243;<\/td><td>Ride medium 2826g<\/td><td>355 e<\/td><td>esittelyk\u00e4ytetty<\/td><\/tr><tr><td>22&#8243;<\/td><td>Special Ride 2576g<\/td><td>445 e<\/td><td>esittelyk\u00e4ytetty<\/td><\/tr><tr><td>22&#8243;<\/td><td>Ride thin 2506g<\/td><td>355 e<\/td><td>esittelyk\u00e4ytetty<\/td><\/tr><tr><td>22&#8243;<\/td><td>Ride thin 2483g<\/td><td>455 e<\/td><td><\/td><\/tr><tr><td>22&#8243;<\/td><td>Ride paper thin 2260g<\/td><td>400 e<\/td><td>esittelyk\u00e4ytetty<\/td><\/tr><tr><td>22&#8243;<\/td><td>Ride paper thin 2260g (2.)<\/td><td>400 e<\/td><td><\/td><\/tr><tr><td>22&#8243;<\/td><td>Ride thin-paper thin 2240g<\/td><td>400 e<\/td><td>esittelyk\u00e4ytetty<\/td><\/tr><tr><td>22&#8243;<\/td><td>Ride paper thin 2110g<\/td><td>445 e<\/td><td>esittelyk\u00e4ytetty<\/td><\/tr><tr><td>22&#8243;<\/td><td>Ride paper thin 2100g<\/td><td>445 e<\/td><td>esittelyk\u00e4ytetty<\/td><\/tr><tr><td>21&#8243;<\/td><td>Ride medium thin 2470g<\/td><td>325 e<\/td><td>esittelyk\u00e4ytetty<\/td><\/tr><tr><td>21&#8243;<\/td><td>Ride medium thin 2370g<\/td><td>325 e<\/td><td>ekstra kuiva, esittelyk\u00e4ytetty<\/td><\/tr><tr><td>21&#8243;<\/td><td>Special Ride thin 2308g<\/td><td>410 e<\/td><td>esittelyk\u00e4ytetty<\/td><\/tr><tr><td>21&#8243;<\/td><td>Ride paperthin<\/td><td>325 e<\/td><td>esittelyk\u00e4ytetty<\/td><\/tr><tr><td>20&#8243;<\/td><td>Ride medium 2280g<\/td><td>295 e<\/td><td>esittelyk\u00e4ytetty<\/td><\/tr><tr><td>20&#8243;<\/td><td>Ride medium thin 2220g<\/td><td>295 e<\/td><td>esittelyk\u00e4ytetty<\/td><\/tr><tr><td>20&#8243;<\/td><td>Ride medium thin 2126g<\/td><td>295 e<\/td><td><\/td><\/tr><tr><td>20&#8243;<\/td><td>Ride thin  1892g<\/td><td>295 e<\/td><td>esittelyk\u00e4ytetty<\/td><\/tr><tr><td>20&#8243;<\/td><td>Special Ride thin 1846g<\/td><td>370 e<\/td><td>esittelyk\u00e4ytetty<\/td><\/tr><tr><td>19&#8243;<\/td><td>Crash Ride 1594g<\/td><td>265 e<\/td><td>esittelyk\u00e4ytetty<\/td><\/tr><tr><td>19&#8243;<\/td><td>Special Ride 1750g<\/td><td>325 e<\/td><td>esittelyk\u00e4ytetty<\/td><\/tr><tr><td>18&#8243;<\/td><td>Crash medium thin 1476g<\/td><td>240 e<\/td><td>esittelyk\u00e4ytetty  VARATTU<\/td><\/tr><tr><td>18&#8243;<\/td><td>Crash thin 1400g<\/td><td>240 e<\/td><td>esittelyk\u00e4ytetty  VARATTU<\/td><\/tr><tr><td>18&#8243;<\/td><td>Crash thin 1390g<\/td><td>240 e<\/td><td>esittelyk\u00e4ytetty  VARATTU<\/td><\/tr><tr><td>18&#8243;<\/td><td>Crash thin  1350g<\/td><td>240 e<\/td><td>VARATTU<\/td><\/tr><tr><td>18&#8243;<\/td><td>Special Crash  1320g<\/td><td>295 e<\/td><td>esittelyk\u00e4ytetty<\/td><\/tr><tr><td>18&#8243;<\/td><td>Crash paper thin 1290g<\/td><td>240 e<\/td><td>esittelyk\u00e4ytetty<\/td><\/tr><tr><td>17&#8243;<\/td><td>Crash 1169g<\/td><td>220 e<\/td><td>esittelyk\u00e4ytetty  VARATTU<\/td><\/tr><tr><td>16&#8243;<\/td><td>Special crash 956g<\/td><td>235 e<\/td><td><\/td><\/tr><tr><td>16&#8243;<\/td><td>Special Crash 918g<\/td><td>235 e<\/td><td>esittelyk\u00e4ytetty<\/td><\/tr><tr><td>16&#8243;<\/td><td>Crash thin&nbsp;918g<\/td><td>195 e<\/td><td>esittelyk\u00e4ytetty<\/td><\/tr><tr><td>16&#8243;<\/td><td>Special crash 898g<\/td><td>235e<\/td><td>esittelyk\u00e4ytetty<\/td><\/tr><tr><td>15&#8243;<\/td><td>Crash&nbsp;800g<\/td><td>180 e<\/td><td>esittelyk\u00e4ytetty<\/td><\/tr><tr><td>15&#8243;<\/td><td>Crash&nbsp;770g<\/td><td>180 e<\/td><td>esittelyk\u00e4ytetty<\/td><\/tr><tr><td>15&#8243;<\/td><td>Crash ultra thin 620g<\/td><td>180 e<\/td><td>esittelyk\u00e4ytetty VARATTU<\/td><\/tr><tr><td>14&#8243;<\/td><td>Crash 749g<\/td><td>160 e<\/td><td>esittelyk\u00e4ytetty<\/td><\/tr><tr><td>14&#8243;<\/td><td>Special crash 696g<\/td><td>195 e<\/td><td>esittelyk\u00e4ytetty<\/td><\/tr><tr><td>16&#8243;<\/td><td>Hihat 1148g\/1338g<\/td><td>380 e<\/td><td>esittelyk\u00e4ytetty<\/td><\/tr><tr><td>16&#8243;<\/td><td>Special hihat 1102g\/1309g<\/td><td>460 e<\/td><td>esittelyk\u00e4ytetty<\/td><\/tr><tr><td>15&#8243;<\/td><td>Hihat dark 970g\/1176g<\/td><td>345 e<\/td><td>esittelyk\u00e4ytetty VARATTU<\/td><\/tr><tr><td>15&#8243;<\/td><td>Hihat 918g\/1118g<\/td><td>345 e<\/td><td>esittelyk\u00e4ytetty VARATTU<\/td><\/tr><tr><td>14&#8243;<\/td><td>Hihat 870g\/1150g<\/td><td>320 e<\/td><td>esittelyk\u00e4ytetty<\/td><\/tr><tr><td>14&#8243;<\/td><td>Hihat 860g\/1076g<\/td><td>320 e<\/td><td><\/td><\/tr><tr><td>13&#8243;<\/td><td>Hihat 786g\/950g<\/td><td>295 e<\/td><td>esittelyk\u00e4ytetty<\/td><\/tr><tr><td>13&#8243;<\/td><td>Hihat 700g \/ 866g <\/td><td>295 e<\/td><td><\/td><\/tr><tr><td>13&#8243;<\/td><td>Special Hihat 625g\/792g<\/td><td>335 e<\/td><td>esittelyk\u00e4ytetty<\/td><\/tr><tr><td>12&#8243;<\/td><td>Splash 460g<\/td><td>135 e<\/td><td>esittelyk\u00e4ytetty<\/td><\/tr><tr><td>12&#8243;<\/td><td>Splash 394g<\/td><td>136 e<\/td><td><\/td><\/tr><tr><td>11&#8243;<\/td><td>Splash&nbsp;430g<\/td><td>125 e<\/td><td>esittelyk\u00e4ytetty<\/td><\/tr><tr><td>11&#8243;<\/td><td>Special splash&nbsp;345g<\/td><td>155 e<\/td><td>esittelyk\u00e4ytetty<\/td><\/tr><tr><td>11&#8243;<\/td><td>Special splash&nbsp;330g<\/td><td>155 e<\/td><td>esittelyk\u00e4ytetty<\/td><\/tr><tr><td>11&#8243;<\/td><td>Special splash 316g<\/td><td>145 e<\/td><td>esittelyk\u00e4ytetty<\/td><\/tr><tr><td>10&#8243;<\/td><td>Splash 281g<\/td><td>115 e<\/td><td>esittelyk\u00e4ytetty<\/td><\/tr><tr><td>10&#8243;<\/td><td>Splash&nbsp;246g<\/td><td>115 e<\/td><td><\/td><\/tr><tr><td>10&#8243;<\/td><td>Splash&nbsp;228g<\/td><td>125 e<\/td><td>esittelyk\u00e4ytetty<\/td><\/tr><tr><td>10&#8243;<\/td><td>Special splash&nbsp;202g<\/td><td>135 e<\/td><td>esittelyk\u00e4ytetty<\/td><\/tr><tr><td>9&#8243;<\/td><td>Special splash 176g<\/td><td>115 e<\/td><td><\/td><\/tr><tr><td>6&#8243;<\/td><td>Special splash 81g<\/td><td>100 e<\/td><td>esittelyk\u00e4ytetty VARATTU<\/td><\/tr><tr><td><\/td><td><\/td><td><\/td><td><em>lis\u00e4\u00e4 kokoja, malleja ja tyyppej\u00e4 on saatavana tilauksesta<\/em><\/td><\/tr><\/tbody><\/table><\/figure>\n","protected":false},"excerpt":{"rendered":"<p>Turk-sarja I Sorvaamattoman symbaalin tumma ja raaka sointi. Turk-sarjan symbaalit ovat t\u00e4ysin sorvaamattomia. Niiden esoteerisen moniulotteinen ja silti maanl\u00e4heinen sointi tekee Turk-sarjasta erinomaisen lis\u00e4n perinteisten symbaalityyppien rinnalle. T\u00e4m\u00e4 symbaalilinjasto tarjoaa hienovaraiselle soittajalle korostuneen herk\u00e4n ja nyassirikkaan instrumentin. Turk Special-sarja I V\u00e4lisorvattu kaksiosaisen l\u00e4mp\u00f6k\u00e4sittelyn v\u00e4liss\u00e4. T\u00e4m\u00e4 k\u00e4sittely yhdist\u00e4\u00e4 ominaisuuksia t\u00e4ysin sorvatusta ja t\u00e4ysin sorvaamattomasta symbaalista. Yhdess\u00e4 &hellip; <\/p>\n<p class=\"link-more\"><a href=\"https:\/\/www.bosphorus.fi\/?page_id=21\" class=\"more-link\">Jatka lukemista<span class=\"screen-reader-text\"> &#8221;Turk &#038; Turk Special&#8221;<\/span><\/a><\/p>\n","protected":false},"author":1,"featured_media":0,"parent":9,"menu_order":0,"comment_status":"closed","ping_status":"closed","template":"page_bosphorus.php","meta":{"_editorskit_title_hidden":false,"_editorskit_reading_time":2,"_editorskit_is_block_options_detached":false,"_editorskit_block_options_position":"{}","footnotes":""},"class_list":["post-21","page","type-page","status-publish","hentry","entry"],"_links":{"self":[{"href":"https:\/\/www.bosphorus.fi\/index.php?rest_route=\/wp\/v2\/pages\/21","targetHints":{"allow":["GET"]}}],"collection":[{"href":"https:\/\/www.bosphorus.fi\/index.php?rest_route=\/wp\/v2\/pages"}],"about":[{"href":"https:\/\/www.bosphorus.fi\/index.php?rest_route=\/wp\/v2\/types\/page"}],"author":[{"embeddable":true,"href":"https:\/\/www.bosphorus.fi\/index.php?rest_route=\/wp\/v2\/users\/1"}],"replies":[{"embeddable":true,"href":"https:\/\/www.bosphorus.fi\/index.php?rest_route=%2Fwp%2Fv2%2Fcomments&post=21"}],"version-history":[{"count":92,"href":"https:\/\/www.bosphorus.fi\/index.php?rest_route=\/wp\/v2\/pages\/21\/revisions"}],"predecessor-version":[{"id":3001,"href":"https:\/\/www.bosphorus.fi\/index.php?rest_route=\/wp\/v2\/pages\/21\/revisions\/3001"}],"up":[{"embeddable":true,"href":"https:\/\/www.bosphorus.fi\/index.php?rest_route=\/wp\/v2\/pages\/9"}],"wp:attachment":[{"href":"https:\/\/www.bosphorus.fi\/index.php?rest_route=%2Fwp%2Fv2%2Fmedia&parent=21"}],"curies":[{"name":"wp","href":"https:\/\/api.w.org\/{rel}","templated":true}]}}