{"id":14,"date":"2019-09-11T12:56:22","date_gmt":"2019-09-11T09:56:22","guid":{"rendered":"http:\/\/192.168.99.100:8000\/?page_id=14"},"modified":"2026-02-03T15:36:57","modified_gmt":"2026-02-03T15:36:57","slug":"traditional-xt","status":"publish","type":"page","link":"https:\/\/www.bosphorus.fi\/?page_id=14","title":{"rendered":"Traditional &#038; Traditional XT"},"content":{"rendered":"\n<p class=\"has-text-align-justify\"><em><strong>Traditional-sarja<\/strong> <\/em>I<em> Monipuolisin Bosphorus-symbaalilinjasto.<\/em><br><br>Klassinen turkkilainen symbaali parhaimmillaan. Bosphoruksen monipuolisin symbaalisarja josta l\u00f6yd\u00e4t perinteiset sorvatut symbaalit laajalla kokoskaalalla mink\u00e4 tahansa musiikin tarpeisiin. S\u00e4vypaletti ulottuu tummasta ja s\u00e4vykk\u00e4\u00e4st\u00e4 kirkkaaseen ja l\u00e4pitunkevaan. Jokainen ride- ja crash-symbaali on saatavilla useissa eri painoluokissa. Paksumpi ride-symbaali soi korkeammassa vireess\u00e4 ja antaa korostetun kapulasoinnin, kun taas kevyemmiss\u00e4 painoluokissa kapulasointi on pehme\u00e4n l\u00e4mmin. Raskaamman painoluokan crash-symbaalit tarjoavat enemm\u00e4n \u00e4\u00e4nenvoimakkuutta korkeammassa vireess\u00e4, mutta niiden syttyvyysherkkyys on hitaampi kuin kevyemmiss\u00e4 versioissa. China-, splash- ja flat ride-tyyppiset symbaalit ovat suunniteltu tiettyyn painoluokkaan ilman lis\u00e4variaatioita. Traditional-sarjan symbaalit edustavat t\u00e4m\u00e4n p\u00e4iv\u00e4n perinteisten symbaalien parhaimmistoa.<\/p>\n\n\n\n<p class=\"has-text-align-justify\"><em><strong>Traditional XT-sarja<\/strong> <\/em>I<em> Kirkkaasti leikkaavat selke\u00e4t ridet ja v\u00e4litt\u00f6m\u00e4sti reagoivat crashit uudesti muotoillulla kuvulla.<\/em><br><br>Traditional XT-sarja sai alkunsa kun englantilainen rumpali Robert Brian ilmaisi mieltymyksens\u00e4 Traditional-sarjan symbaaleita kohtaan. H\u00e4n tarvitsi tulevia projekteja varten hienos\u00e4\u00e4t\u00f6\u00e4 tuolloin k\u00e4ytt\u00e4miins\u00e4 symbaaleihin ja t\u00e4m\u00e4n my\u00f6t\u00e4 sarjan muotoilua uudistettiin. N\u00e4in syntyi uusi versio Traditional-sarjasta. Traditional XT-sarjan symbaaleissa on uudenlainen suurempi kupu ja t\u00e4m\u00e4 tuottaa selke\u00e4mm\u00e4n soinnin sek\u00e4 korkeamman vireisyyden. Sarjan ride-symbaaleissa on keskittyneempi kapulasointi. Crash-symbaalit vuorostaan reagoivat v\u00e4litt\u00f6m\u00e4sti leikaten kirkkaasti l\u00e4pi musiikissa. N\u00e4iden symbaalien koot ja painoluokat ovat suunniteltu mahdollisimman yleisk\u00e4ytt\u00f6isiksi sek\u00e4 live-tilanteisiin ett\u00e4 studio\u00e4\u00e4nityksiin. Genress\u00e4 kun genress\u00e4, jazzista rockiin.<\/p>\n\n\n<div class=\"wp-block-image\">\n<figure class=\"aligncenter is-resized\"><img decoding=\"async\" src=\"\/uploads\/images\/TradXTwww1.jpg\" alt=\"\" style=\"width:613px;height:555px\"\/><figcaption class=\"wp-element-caption\"><strong><span class=\"has-inline-color has-dark-gray-color\">Traditional XT-sarjan symbaaleja<\/span><\/strong><\/figcaption><\/figure>\n<\/div>\n\n\n<figure class=\"wp-block-image size-large\"><img loading=\"lazy\" decoding=\"async\" width=\"1024\" height=\"884\" src=\"https:\/\/www.bosphorus.fi\/wp-content\/uploads\/BOS21t1b-1024x884.jpg\" alt=\"\" class=\"wp-image-689\" srcset=\"https:\/\/www.bosphorus.fi\/wp-content\/uploads\/BOS21t1b-1024x884.jpg 1024w, https:\/\/www.bosphorus.fi\/wp-content\/uploads\/BOS21t1b-300x259.jpg 300w, https:\/\/www.bosphorus.fi\/wp-content\/uploads\/BOS21t1b-768x663.jpg 768w, https:\/\/www.bosphorus.fi\/wp-content\/uploads\/BOS21t1b-1536x1326.jpg 1536w, https:\/\/www.bosphorus.fi\/wp-content\/uploads\/BOS21t1b-1568x1353.jpg 1568w, https:\/\/www.bosphorus.fi\/wp-content\/uploads\/BOS21t1b.jpg 1607w\" sizes=\"auto, (max-width: 1024px) 100vw, 1024px\" \/><figcaption class=\"wp-element-caption\"><strong><span class=\"has-inline-color has-dark-gray-color\">20&#8243; Traditional ride<\/span><\/strong><\/figcaption><\/figure>\n\n\n\n<figure class=\"wp-block-table alignwide is-style-stripes\"><table><tbody><tr><td><strong>Koko<\/strong><\/td><td><strong>Tyyppi, malli ja paino<\/strong><\/td><td><strong><strong>Varastohinta, ei sis\u00e4ll\u00e4 ALVia<\/strong><\/strong><\/td><td><strong>Lis\u00e4tietoja<\/strong><\/td><\/tr><tr><td>23&#8243;<\/td><td>Ride medium 3536g<\/td><td>330 e<\/td><td>esittelyk\u00e4ytetty TARJOUS<\/td><\/tr><tr><td>22&#8243;<\/td><td>Ride medium 2946g<\/td><td>356 e<\/td><td>esittelyk\u00e4ytetty<\/td><\/tr><tr><td>22&#8243;<\/td><td>Ride medium 2900g <\/td><td>356 e<\/td><td><\/td><\/tr><tr><td>22&#8243;<\/td><td>Ride medium thin 2760g<\/td><td>356 e<\/td><td><\/td><\/tr><tr><td>22&#8243;<\/td><td>Ride medium thin 2686e<\/td><td>356 e<\/td><td>esittelyk\u00e4ytetty<\/td><\/tr><tr><td>22&#8243;<\/td><td>Bigbell ride 2600g<\/td><td>406 e<\/td><td><\/td><\/tr><tr><td>22&#8243;<\/td><td>Bigbell ride 2500g<\/td><td>386 e<\/td><td>vanha esittelyk\u00e4ytetty<\/td><\/tr><tr><td>22&#8243;<\/td><td>Ride thin 2580g<\/td><td>356 e<\/td><td><\/td><\/tr><tr><td>22&#8243;<\/td><td>Ride thin 2560g<\/td><td>356 e<\/td><td>esittelyk\u00e4ytetty<\/td><\/tr><tr><td>22&#8243;<\/td><td>Ride thin 2500g<\/td><td>356 e<\/td><td><\/td><\/tr><tr><td>22&#8243;<\/td><td>Ride paperthin 2316g<\/td><td>406 e<\/td><td>esittelyk\u00e4ytetty<\/td><\/tr><tr><td>22&#8243;<\/td><td>Ride paperthin 2250g<\/td><td>406 e<\/td><td><\/td><\/tr><tr><td>22&#8243;<\/td><td>Bigbell ride 2000g<\/td><td>406 e<\/td><td>esittelyk\u00e4ytetty<\/td><\/tr><tr><td>21&#8243;<\/td><td>Ride medium&nbsp;2635g<\/td><td>327 e<\/td><td><\/td><\/tr><tr><td>21&#8243;<\/td><td>Ride medium thin&nbsp;2550g<\/td><td>327 e<\/td><td>esittelyk\u00e4ytetty<\/td><\/tr><tr><td>21&#8243;<\/td><td>Ride thin&nbsp;2334g<\/td><td>327 e<\/td><td><\/td><\/tr><tr><td>21&#8243;<\/td><td>XT ride  2346g<\/td><td>327 e<\/td><td>esittelyk\u00e4ytetty<\/td><\/tr><tr><td>21&#8243;<\/td><td>XT ride  2220g<\/td><td>327 e<\/td><td>esittelyk\u00e4ytetty<\/td><\/tr><tr><td>20&#8243;<\/td><td>Ride medium 2300g<\/td><td>296 e<\/td><td>esittelyk\u00e4ytetty<\/td><\/tr><tr><td>20&#8243;<\/td><td>Ride medium thin 2180g<\/td><td>296 e<\/td><td><\/td><\/tr><tr><td>20&#8243;<\/td><td>Ride medium thin 2160g<\/td><td>296 e<\/td><td>esittelyk\u00e4ytetty<\/td><\/tr><tr><td>20&#8243;<\/td><td>Ride thin 2070g<\/td><td>296 e<\/td><td><\/td><\/tr><tr><td>20&#8243;<\/td><td>Ride thin 2003g<\/td><td>296 e<\/td><td>esittelyk\u00e4ytetty<\/td><\/tr><tr><td>20&#8243;<\/td><td>Ride thin 1976g<\/td><td>296 e<\/td><td>esittelyk\u00e4ytetty<\/td><\/tr><tr><td>20&#8243;<\/td><td>Ride paper thin 1709g<\/td><td>396 e<\/td><td>esittelyk\u00e4ytetty<\/td><\/tr><tr><td>20&#8243;<\/td><td>Flat Ride 2046g<\/td><td>296 e<\/td><td><\/td><\/tr><tr><td>20&#8243;<\/td><td>Flat Ride 2030g<\/td><td>296 e<\/td><td>esittelyk\u00e4ytetty<\/td><\/tr><tr><td>20&#8243;<\/td><td>XT Edition Ride 2030g<\/td><td>315 e<\/td><td>esittelyk\u00e4ytetty<\/td><\/tr><tr><td>20&#8243;<\/td><td>Flat Ride 2030g<\/td><td>296 e<\/td><td>esittelyk\u00e4ytetty<\/td><\/tr><tr><td>19&#8243;<\/td><td>Ride medium heavy 2000g<\/td><td>267 e<\/td><td>esittelyk\u00e4ytetty<\/td><\/tr><tr><td>19&#8243;<\/td><td>Crash 1730g<\/td><td>267 e<\/td><td>esittelyk\u00e4ytetty<\/td><\/tr><tr><td>18&#8243;<\/td><td>Crash Ride 1696g<\/td><td>238 e<\/td><td><\/td><\/tr><tr><td>18&#8243;<\/td><td>Crash rock 1586g<\/td><td>238 e<\/td><td>esittelyk\u00e4ytetty<\/td><\/tr><tr><td>18&#8243;<\/td><td>Crash medium 1549g<\/td><td>238 e<\/td><td>esittelyk\u00e4ytetty<\/td><\/tr><tr><td>18&#8243;<\/td><td>Crash medium thin 1480g<\/td><td>238 e<\/td><td>esittelyk\u00e4ytetty<\/td><\/tr><tr><td>18&#8243;<\/td><td>Crash medium thin 1484g<\/td><td>200 e<\/td><td>k\u00e4ytetty<\/td><\/tr><tr><td>18&#8243;<\/td><td>Crash thin 1390g<\/td><td>238 e<\/td><td>esittelyk\u00e4ytetty<\/td><\/tr><tr><td>18&#8243;<\/td><td>Crash thin 1300g<\/td><td>238 e<\/td><td>esittelyk\u00e4ytetty  VARATTU<\/td><\/tr><tr><td>18&#8243;<\/td><td>XT Edition Crash 1380g<\/td><td>265 e<\/td><td><\/td><\/tr><tr><td>18&#8243;<\/td><td>XT Edition Crash 1260g<\/td><td>265 e<\/td><td><\/td><\/tr><tr><td>18&#8243;<\/td><td>Crash paper thin 1276g<\/td><td>238 e<\/td><td>esittelyk\u00e4ytetty  VARATTU<\/td><\/tr><tr><td>18&#8243;<\/td><td>Crash paper thin 1256g<\/td><td>238 e<\/td><td>esittelyk\u00e4ytetty<\/td><\/tr><tr><td>17&#8243;<\/td><td>Crash medium 1267g<\/td><td>217 e<\/td><td>esittelyk\u00e4ytetty<\/td><\/tr><tr><td>17&#8243;<\/td><td>Crash medium thin 1196g<\/td><td>217 e<\/td><td>esittelyk\u00e4ytetty<\/td><\/tr><tr><td>17&#8243;<\/td><td>Crash 1156g<\/td><td>217 e<\/td><td>esittelyk\u00e4ytetty<\/td><\/tr><tr><td>17&#8243;<\/td><td>Crash thin 1096g<\/td><td>217 e<\/td><td>esittelyk\u00e4ytetty<\/td><\/tr><tr><td>16&#8243;<\/td><td>Crash medium 1014g<\/td><td>198 e<\/td><td><\/td><\/tr><tr><td>16&#8243;<\/td><td>XT Edition Crash 980g<\/td><td>225 e<\/td><td><\/td><\/tr><tr><td>16&#8243;<\/td><td>Crash medium thin 970g<\/td><td>198 e<\/td><td>esittelyk\u00e4ytetty<\/td><\/tr><tr><td>16&#8243;<\/td><td>Crash thin<\/td><td>198 e<\/td><td><\/td><\/tr><tr><td>16&#8243;<\/td><td>Crash thin 922g<\/td><td>198 e<\/td><td>esittelyk\u00e4ytetty<\/td><\/tr><tr><td>15&#8243;<\/td><td>Crash medium thin 784g<\/td><td>179 e<\/td><td>esittelyk\u00e4ytetty<\/td><\/tr><tr><td>15&#8243;<\/td><td>Crash medium thin-thin 770g<\/td><td>179 e<\/td><td>esittelyk\u00e4ytetty<\/td><\/tr><tr><td>15&#8243;<\/td><td>Crash thin 700g<\/td><td>179 e<\/td><td><\/td><\/tr><tr><td>14&#8243;<\/td><td>Crash medium 710g<\/td><td>162 e<\/td><td><\/td><\/tr><tr><td>14&#8243;<\/td><td>Crash thin 628g<\/td><td>162 e<\/td><td>esittelyk\u00e4ytetty<\/td><\/tr><tr><td>14&#8243;<\/td><td>Crash paper thin 582g<\/td><td>162 e<\/td><td>esittelyk\u00e4ytetty<\/td><\/tr><tr><td>13&#8243;<\/td><td>Crash&nbsp; 542g<\/td><td>150 e<\/td><td>esittelyk\u00e4ytetty<\/td><\/tr><tr><td>13&#8243;<\/td><td>Crash&nbsp; 532g<\/td><td>150 e<\/td><td><\/td><\/tr><tr><td>13&#8243;<\/td><td>Crash&nbsp; 490g<\/td><td>150 e<\/td><td>esittelyk\u00e4ytetty<\/td><\/tr><tr><td>20&#8243;<\/td><td>China 1423g<\/td><td>356 e<\/td><td>8 reik\u00e4\u00e4 niittej\u00e4 varten<\/td><\/tr><tr><td>18&#8243;<\/td><td>China thin 1120g<\/td><td>298 e<\/td><td>esittelyk\u00e4ytetty VARATTU<\/td><\/tr><tr><td>13&#8243;<\/td><td>China 546g<\/td><td>179 e<\/td><td><\/td><\/tr><tr><td>13&#8243;<\/td><td>China 540g<\/td><td>179 e<\/td><td>esittelyk\u00e4ytetty<\/td><\/tr><tr><td>12&#8243;<\/td><td>China 387g<\/td><td>162 e<\/td><td>esittelyk\u00e4ytetty<\/td><\/tr><tr><td>8&#8243;<\/td><td>China 127g<\/td><td>116 e<\/td><td>esittelyk\u00e4ytetty<\/td><\/tr><tr><td>8&#8243;<\/td><td>China 126g<\/td><td>116 e<\/td><td>esittelyk\u00e4ytetty<\/td><\/tr><tr><td>8&#8243;<\/td><td>China 125g<\/td><td>95 e<\/td><td>TARJOUS<\/td><\/tr><tr><td>16&#8243;<\/td><td>Hihat 966g\/1154g<\/td><td>386 e<\/td><td>esittelyk\u00e4ytetty<\/td><\/tr><tr><td>15&#8243;<\/td><td>Hihat thin 1050g\/1246g<\/td><td>347 e<\/td><td>esittelyk\u00e4ytetty<\/td><\/tr><tr><td>15&#8243;<\/td><td>Hihat thin&nbsp;1032g\/1228g<\/td><td>347 e<\/td><td>esittelyk\u00e4ytetty<\/td><\/tr><tr><td>15&#8243;<\/td><td>Hihat paper thin 842g\/1044g<\/td><td>347 e<\/td><td>esittelyk\u00e4ytetty<\/td><\/tr><tr><td>14&#8243;<\/td><td>Hihat dark-thin 900g\/1100g<\/td><td>318 e<\/td><td>esittelyk\u00e4ytetty<\/td><\/tr><tr><td>14&#8243;<\/td><td>Hihat dark 784g\/1000g<\/td><td>318 e<\/td><td>esittelyk\u00e4ytetty VARATTU<\/td><\/tr><tr><td>13&#8243;<\/td><td>Hihat 794g\/900g<\/td><td>293 e<\/td><td>esittelyk\u00e4ytetty VARATTU<\/td><\/tr><tr><td>12&#8243;<\/td><td>Hihat thin 600g\/740g<\/td><td>268 e<\/td><td>esittelyk\u00e4ytetty<\/td><\/tr><tr><td>12&#8243;<\/td><td>Hihat regular-thin 490g\/610g<\/td><td>268 e<\/td><td>esittelyk\u00e4ytetty<\/td><\/tr><tr><td>12&#8243;<\/td><td>Splash 368g<\/td><td>136 e<\/td><td>esittelyk\u00e4ytetty<\/td><\/tr><tr><td>11&#8243;<\/td><td>Splash 310g<\/td><td>125 e<\/td><td>esittelyk\u00e4ytetty<\/td><\/tr><tr><td>10&#8243;<\/td><td>Splash 236g<\/td><td>116 e<\/td><td>esittelyk\u00e4ytetty VARATTU<\/td><\/tr><tr><td>10&#8243;<\/td><td>Splash 223g<\/td><td>116 e<\/td><td>esittelyk\u00e4ytetty VARATTU<\/td><\/tr><tr><td>10&#8243;<\/td><td>Splash 221g<\/td><td>116 e<\/td><td>esittelyk\u00e4ytetty<\/td><\/tr><tr><td>8&#8243;<\/td><td>Splash 154g<\/td><td>98 e<\/td><td>esittelyk\u00e4ytetty<\/td><\/tr><tr><td>8&#8243;<\/td><td>Splash 151g<\/td><td>98 e<\/td><td>esittelyk\u00e4ytetty<\/td><\/tr><tr><td>6&#8243;<\/td><td>Spalsh<\/td><td>95 e<\/td><td><\/td><\/tr><tr><td>5&#8243;<\/td><td>Splash<\/td><td>95 e<\/td><td><\/td><\/tr><tr><td><\/td><td><\/td><td><\/td><td><em>lis\u00e4\u00e4 kokoja, malleja ja tyyppej\u00e4 on saatavana tilauksesta<\/em><\/td><\/tr><\/tbody><\/table><\/figure>\n\n\n\n<p><br><br><\/p>\n","protected":false},"excerpt":{"rendered":"<p>Traditional-sarja I Monipuolisin Bosphorus-symbaalilinjasto. Klassinen turkkilainen symbaali parhaimmillaan. Bosphoruksen monipuolisin symbaalisarja josta l\u00f6yd\u00e4t perinteiset sorvatut symbaalit laajalla kokoskaalalla mink\u00e4 tahansa musiikin tarpeisiin. S\u00e4vypaletti ulottuu tummasta ja s\u00e4vykk\u00e4\u00e4st\u00e4 kirkkaaseen ja l\u00e4pitunkevaan. Jokainen ride- ja crash-symbaali on saatavilla useissa eri painoluokissa. Paksumpi ride-symbaali soi korkeammassa vireess\u00e4 ja antaa korostetun kapulasoinnin, kun taas kevyemmiss\u00e4 painoluokissa kapulasointi on pehme\u00e4n &hellip; <\/p>\n<p class=\"link-more\"><a href=\"https:\/\/www.bosphorus.fi\/?page_id=14\" class=\"more-link\">Jatka lukemista<span class=\"screen-reader-text\"> &#8221;Traditional &#038; Traditional XT&#8221;<\/span><\/a><\/p>\n","protected":false},"author":1,"featured_media":0,"parent":9,"menu_order":0,"comment_status":"closed","ping_status":"closed","template":"page_bosphorus.php","meta":{"_editorskit_title_hidden":false,"_editorskit_reading_time":3,"_editorskit_is_block_options_detached":false,"_editorskit_block_options_position":"{}","footnotes":""},"class_list":["post-14","page","type-page","status-publish","hentry","entry"],"_links":{"self":[{"href":"https:\/\/www.bosphorus.fi\/index.php?rest_route=\/wp\/v2\/pages\/14","targetHints":{"allow":["GET"]}}],"collection":[{"href":"https:\/\/www.bosphorus.fi\/index.php?rest_route=\/wp\/v2\/pages"}],"about":[{"href":"https:\/\/www.bosphorus.fi\/index.php?rest_route=\/wp\/v2\/types\/page"}],"author":[{"embeddable":true,"href":"https:\/\/www.bosphorus.fi\/index.php?rest_route=\/wp\/v2\/users\/1"}],"replies":[{"embeddable":true,"href":"https:\/\/www.bosphorus.fi\/index.php?rest_route=%2Fwp%2Fv2%2Fcomments&post=14"}],"version-history":[{"count":117,"href":"https:\/\/www.bosphorus.fi\/index.php?rest_route=\/wp\/v2\/pages\/14\/revisions"}],"predecessor-version":[{"id":3037,"href":"https:\/\/www.bosphorus.fi\/index.php?rest_route=\/wp\/v2\/pages\/14\/revisions\/3037"}],"up":[{"embeddable":true,"href":"https:\/\/www.bosphorus.fi\/index.php?rest_route=\/wp\/v2\/pages\/9"}],"wp:attachment":[{"href":"https:\/\/www.bosphorus.fi\/index.php?rest_route=%2Fwp%2Fv2%2Fmedia&parent=14"}],"curies":[{"name":"wp","href":"https:\/\/api.w.org\/{rel}","templated":true}]}}