{"id":11,"date":"2019-09-11T12:51:06","date_gmt":"2019-09-11T09:51:06","guid":{"rendered":"http:\/\/192.168.99.100:8000\/?page_id=11"},"modified":"2025-06-05T20:13:22","modified_gmt":"2025-06-05T20:13:22","slug":"uutuudet","status":"publish","type":"page","link":"https:\/\/www.bosphorus.fi\/?page_id=11","title":{"rendered":"Uutuuksia ja tarjouksia"},"content":{"rendered":"\n<figure class=\"wp-block-image size-large\"><img loading=\"lazy\" decoding=\"async\" width=\"1024\" height=\"938\" src=\"https:\/\/www.bosphorus.fi\/wp-content\/uploads\/BOS21old1b-1024x938.jpg\" alt=\"\" class=\"wp-image-688\" srcset=\"https:\/\/www.bosphorus.fi\/wp-content\/uploads\/BOS21old1b-1024x938.jpg 1024w, https:\/\/www.bosphorus.fi\/wp-content\/uploads\/BOS21old1b-300x275.jpg 300w, https:\/\/www.bosphorus.fi\/wp-content\/uploads\/BOS21old1b-768x704.jpg 768w, https:\/\/www.bosphorus.fi\/wp-content\/uploads\/BOS21old1b.jpg 1527w\" sizes=\"auto, (max-width: 1024px) 100vw, 1024px\" \/><figcaption class=\"wp-element-caption\"><strong><span class=\"has-inline-color has-dark-gray-color\">20&#8243; Old Time<\/span><\/strong> <strong><span class=\"has-inline-color has-dark-gray-color\">prototyyppi<\/span><\/strong><br><\/figcaption><\/figure>\n\n\n\n<figure class=\"wp-block-image size-large is-resized\"><img loading=\"lazy\" decoding=\"async\" width=\"1024\" height=\"906\" src=\"https:\/\/www.bosphorus.fi\/wp-content\/uploads\/BOS21arg1b-1024x906.jpg\" alt=\"\" class=\"wp-image-681\" style=\"width:619px;height:548px\" srcset=\"https:\/\/www.bosphorus.fi\/wp-content\/uploads\/BOS21arg1b-1024x906.jpg 1024w, https:\/\/www.bosphorus.fi\/wp-content\/uploads\/BOS21arg1b-300x265.jpg 300w, https:\/\/www.bosphorus.fi\/wp-content\/uploads\/BOS21arg1b-768x679.jpg 768w, https:\/\/www.bosphorus.fi\/wp-content\/uploads\/BOS21arg1b.jpg 1491w\" sizes=\"auto, (max-width: 1024px) 100vw, 1024px\" \/><figcaption class=\"wp-element-caption\"><strong><span class=\"has-inline-color has-dark-gray-color\">20&#8243; Argentum prototyyppi<\/span><\/strong><br><\/figcaption><\/figure>\n\n\n\n<figure class=\"wp-block-image size-large is-resized\"><img loading=\"lazy\" decoding=\"async\" width=\"1004\" height=\"1024\" src=\"https:\/\/www.bosphorus.fi\/wp-content\/uploads\/PhillyRideMb-1004x1024.jpg\" alt=\"\" class=\"wp-image-772\" style=\"width:650px;height:663px\" srcset=\"https:\/\/www.bosphorus.fi\/wp-content\/uploads\/PhillyRideMb-1004x1024.jpg 1004w, https:\/\/www.bosphorus.fi\/wp-content\/uploads\/PhillyRideMb-294x300.jpg 294w, https:\/\/www.bosphorus.fi\/wp-content\/uploads\/PhillyRideMb-768x783.jpg 768w, https:\/\/www.bosphorus.fi\/wp-content\/uploads\/PhillyRideMb-1506x1536.jpg 1506w, https:\/\/www.bosphorus.fi\/wp-content\/uploads\/PhillyRideMb-2008x2048.jpg 2008w, https:\/\/www.bosphorus.fi\/wp-content\/uploads\/PhillyRideMb-1568x1599.jpg 1568w, https:\/\/www.bosphorus.fi\/wp-content\/uploads\/PhillyRideMb.jpg 2025w\" sizes=\"auto, (max-width: 1004px) 100vw, 1004px\" \/><figcaption class=\"wp-element-caption\"><strong><span class=\"has-inline-color has-dark-gray-color\">21&#8243; Philly Ride<\/span><\/strong><br><\/figcaption><\/figure>\n\n\n\n<figure class=\"wp-block-image size-large is-resized\"><img loading=\"lazy\" decoding=\"async\" width=\"1024\" height=\"937\" src=\"https:\/\/www.bosphorus.fi\/wp-content\/uploads\/Doron21m1-1024x937.jpg\" alt=\"\" class=\"wp-image-841\" style=\"width:653px;height:597px\" srcset=\"https:\/\/www.bosphorus.fi\/wp-content\/uploads\/Doron21m1-1024x937.jpg 1024w, https:\/\/www.bosphorus.fi\/wp-content\/uploads\/Doron21m1-300x274.jpg 300w, https:\/\/www.bosphorus.fi\/wp-content\/uploads\/Doron21m1-768x703.jpg 768w, https:\/\/www.bosphorus.fi\/wp-content\/uploads\/Doron21m1.jpg 1199w\" sizes=\"auto, (max-width: 1024px) 100vw, 1024px\" \/><figcaption class=\"wp-element-caption\"><strong><span class=\"has-inline-color has-dark-gray-color\">21&#8243; Doron Giat Ride<\/span><\/strong><br><\/figcaption><\/figure>\n\n\n\n<figure class=\"wp-block-image size-large\"><img loading=\"lazy\" decoding=\"async\" width=\"1024\" height=\"905\" src=\"https:\/\/www.bosphorus.fi\/wp-content\/uploads\/Ground20m1-1024x905.jpg\" alt=\"\" class=\"wp-image-844\" srcset=\"https:\/\/www.bosphorus.fi\/wp-content\/uploads\/Ground20m1-1024x905.jpg 1024w, https:\/\/www.bosphorus.fi\/wp-content\/uploads\/Ground20m1-300x265.jpg 300w, https:\/\/www.bosphorus.fi\/wp-content\/uploads\/Ground20m1-768x679.jpg 768w, https:\/\/www.bosphorus.fi\/wp-content\/uploads\/Ground20m1.jpg 1275w\" sizes=\"auto, (max-width: 1024px) 100vw, 1024px\" \/><figcaption class=\"wp-element-caption\"><strong><span class=\"has-inline-color has-dark-gray-color\">21&#8243; Ground prototyyppi<\/span><\/strong><br><\/figcaption><\/figure>\n\n\n\n<figure class=\"wp-block-image size-large\"><img loading=\"lazy\" decoding=\"async\" width=\"1024\" height=\"918\" src=\"https:\/\/www.bosphorus.fi\/wp-content\/uploads\/BBproto20m1-1024x918.jpg\" alt=\"\" class=\"wp-image-839\" srcset=\"https:\/\/www.bosphorus.fi\/wp-content\/uploads\/BBproto20m1-1024x918.jpg 1024w, https:\/\/www.bosphorus.fi\/wp-content\/uploads\/BBproto20m1-300x269.jpg 300w, https:\/\/www.bosphorus.fi\/wp-content\/uploads\/BBproto20m1-768x689.jpg 768w, https:\/\/www.bosphorus.fi\/wp-content\/uploads\/BBproto20m1.jpg 1180w\" sizes=\"auto, (max-width: 1024px) 100vw, 1024px\" \/><figcaption class=\"wp-element-caption\"><strong><span class=\"has-inline-color has-dark-gray-color\">20&#8243; Big Bell prototyyppi<\/span><\/strong><br><\/figcaption><\/figure>\n\n\n\n<figure class=\"wp-block-image size-large is-resized\"><img loading=\"lazy\" decoding=\"async\" width=\"1024\" height=\"886\" src=\"https:\/\/www.bosphorus.fi\/wp-content\/uploads\/22blank-1024x886.jpg\" alt=\"\" class=\"wp-image-1219\" style=\"width:665px;height:574px\" srcset=\"https:\/\/www.bosphorus.fi\/wp-content\/uploads\/22blank-1024x886.jpg 1024w, https:\/\/www.bosphorus.fi\/wp-content\/uploads\/22blank-300x260.jpg 300w, https:\/\/www.bosphorus.fi\/wp-content\/uploads\/22blank-768x665.jpg 768w, https:\/\/www.bosphorus.fi\/wp-content\/uploads\/22blank-1536x1329.jpg 1536w, https:\/\/www.bosphorus.fi\/wp-content\/uploads\/22blank-2048x1772.jpg 2048w, https:\/\/www.bosphorus.fi\/wp-content\/uploads\/22blank-1568x1357.jpg 1568w\" sizes=\"auto, (max-width: 1024px) 100vw, 1024px\" \/><figcaption class=\"wp-element-caption\"><strong><span class=\"has-inline-color has-dark-gray-color\">22&#8243; aihio<\/span><\/strong><br><\/figcaption><\/figure>\n\n\n\n<figure class=\"wp-block-table alignwide is-style-stripes\"><table><tbody><tr><td><strong>Koko<\/strong><\/td><td> <strong>Sarja\/Malli<\/strong><\/td><td><strong>Tyyppi<\/strong><\/td><td><strong>Paino\/Painoluokka<\/strong><\/td><td><strong><strong>Varastohinta, ei sis\u00e4ll\u00e4 ALVia<\/strong><\/strong><\/td><\/tr><tr><td>22&#8243; <\/td><td>Painite<\/td><td>Flat ride<\/td><td>2626g<\/td><td>550 e<br>esittelyk\u00e4ytetty<\/td><\/tr><tr><td>22&#8243;<\/td><td>Old Time prototyyppi<\/td><td>Suurikelloinen sorvattu ride 70&#8217;s &#8221;K&#8221; hengess\u00e4<\/td><td>2420g thin<\/td><td>450 e esittelyk\u00e4ytetty<\/td><\/tr><tr><td>22&#8243;<\/td><td>Old Time prototyyppi<\/td><td>Suurikelloinen sorvattu ride 70&#8217;s &#8221;K&#8221; hengess\u00e4<\/td><td>2410g thin<\/td><td>450 e esittelyk\u00e4ytetty<\/td><\/tr><tr><td>22&#8243;<\/td><td>Aihio<\/td><td>Symbaaliaihio, kokonaan k\u00e4sittelem\u00e4t\u00f6n<\/td><td>2802g<\/td><td>350 e esittelyk\u00e4ytetty<\/td><\/tr><tr><td>21&#8243;<\/td><td>Philly Ride<\/td><td>Vintagehenkinen hyvin ohut ride, jossa hieman korkeampi profiili tuomaan hyv\u00e4\u00e4 kihin\u00e4\u00e4 ja kiinteytt\u00e4<\/td><td>1578g ultra thin<\/td><td>400 e esittelyk\u00e4ytetty<\/td><\/tr><tr><td>21&#8243;<\/td><td>Doron Giat<\/td><td>Doron Giatin toiveita kuunnellen kehitetty ohut ride<\/td><td>2150g paper thin<\/td><td>400 e esittelyk\u00e4ytetty<\/td><\/tr><tr><td>21&#8243;<\/td><td>Doron Giat<\/td><td>Doron Giatin toiveita kuunnellen kehitetty ohut ride<\/td><td>1935g special thin<\/td><td>400 e esittelyk\u00e4ytetty<\/td><\/tr><tr><td>20&#8243;<\/td><td>Argentum prototyyppi<\/td><td>Hopeanv\u00e4rinen pintak\u00e4sittely, joka lis\u00e4\u00e4 kirkkaampia s\u00e4vyj\u00e4 sorvaamattoman symbaalin sointiin<\/td><td>1976g thin<\/td><td>450 e esittelyk\u00e4ytetty<\/td><\/tr><tr><td>21&#8243;<\/td><td>Ground prototyyppi<\/td><td>Perinteisell\u00e4 taonnalla ja hiekkahiotulla viimeistelyll\u00e4<\/td><td>2273g thin<\/td><td>425 e esittelyk\u00e4ytetty<\/td><\/tr><tr><td>20&#8243;<\/td><td>Old Time prototyyppi<\/td><td>Suurikelloinen sorvattu ride 70&#8217;s &#8221;K&#8221; hengess\u00e4<\/td><td>1900g<\/td><td>350 e esittelyk\u00e4ytetty VARATTU<\/td><\/tr><tr><td>20&#8243;<\/td><td>Old Time prototyyppi<\/td><td>Suurikelloinen sorvattu ride 70&#8217;s &#8221;K&#8221; hengess\u00e4<\/td><td>1880g paper thin<\/td><td>350 e esittelyk\u00e4ytetty VARATTU<\/td><\/tr><tr><td>18&#8243;<\/td><td>Ground<br>prototyyppi<\/td><td>Crash Ride perinteisell\u00e4 taonnalla ja hiekkahiotulla viimeistelyll\u00e4<\/td><td>1512g medium<\/td><td>250 e esittelyk\u00e4ytetty<\/td><\/tr><tr><td>18&#8243;<\/td><td>Ground<br>prototyyppi<\/td><td>Crash Ride perinteisell\u00e4 taonnalla ja hiekkahiotulla viimeistelyll\u00e4<\/td><td>1511g medium<\/td><td>250 e esittelyk\u00e4ytetty<\/td><\/tr><tr><td>16&#8243;<\/td><td>Red Label prototyyppi<\/td><td>Latin-sarjan tapaan sorvattu ja kiilloittamaton crash<\/td><td>987g medium thin<\/td><td>225 e esittelyk\u00e4ytetty<\/td><\/tr><tr><td>16&#8243;<\/td><td>Red Label prototyyppi<\/td><td>Latin-sarjan tapaan sorvattu ja kiilloittamaton crash<\/td><td>977g medium thin<\/td><td>225 e esittelyk\u00e4ytetty  VARATTU<\/td><\/tr><tr><td>16&#8243;<\/td><td>Ground<br>prototyyppi<\/td><td>Hihat perinteisell\u00e4 taonnalla ja hiekkahiotulla viimeistelyll\u00e4<\/td><td>1100g\/1308g<\/td><td>380 e esittelyk\u00e4ytetty<\/td><\/tr><tr><td>16&#8243;<\/td><td>Syncopation<\/td><td>Hihat (l\u00f6ytyy my\u00f6s osiosta <a rel=\"noreferrer noopener\" href=\"https:\/\/www.bosphorus.fi\/?page_id=79\" target=\"_blank\">Syncopation\/Special 3<\/a>)<\/td><td>1026g\/1370g<\/td><td>450 e esittelyk\u00e4ytetty<\/td><\/tr><tr><td>16&#8243;<\/td><td>Syncopation<\/td><td>Hihat (l\u00f6ytyy my\u00f6s osiosta <a rel=\"noreferrer noopener\" href=\"https:\/\/www.bosphorus.fi\/?page_id=79\" target=\"_blank\">Syncopation\/Special 3<\/a>)<\/td><td>1025g\/1350g<\/td><td>450 e esittelyk\u00e4ytetty<\/td><\/tr><tr><td>16&#8243;<\/td><td>Ground<br>prototyyppi<\/td><td>FX china perinteisell\u00e4 taonnalla ja hiekkahiotulla viimeistelyll\u00e4 (12x3cm rei\u00e4t)<\/td><td>859g<\/td><td>235 e esittelyk\u00e4ytetty  VARATTU<\/td><\/tr><tr><td>5&#8243;<\/td><td>Custom <\/td><td>Splash sorvaamattomalla kuvulla<\/td><td>68g<\/td><td>95 e esittelyk\u00e4ytetty  VARATTU<\/td><\/tr><tr><td>20&#8243;<\/td><td>Big Bell prototyyppi<\/td><td>Sorvattu ride hiotulla  pintak\u00e4sittelyll\u00e4<\/td><td>1949g thin<\/td><td>325 e esittelyk\u00e4ytetty<\/td><\/tr><tr><td>18&#8243;<\/td><td>Big Bell prototyyppi<\/td><td>Sorvattu crash hiotulla pintak\u00e4sittelyll\u00e4<\/td><td>1467g medium thin<\/td><td>250 e esittelyk\u00e4ytetty<\/td><\/tr><tr><td>18&#8243;<\/td><td>Big Bell prototyyppi<\/td><td>Sorvattu crash hiotulla pintak\u00e4sittelyll\u00e4<\/td><td>1464g medium thin<\/td><td>250 e esittelyk\u00e4ytetty<\/td><\/tr><\/tbody><\/table><\/figure>\n\n\n\n<p><\/p>\n","protected":false},"excerpt":{"rendered":"<p>Koko Sarja\/Malli Tyyppi Paino\/Painoluokka Varastohinta, ei sis\u00e4ll\u00e4 ALVia 22&#8243; Painite Flat ride 2626g 550 eesittelyk\u00e4ytetty 22&#8243; Old Time prototyyppi Suurikelloinen sorvattu ride 70&#8217;s &#8221;K&#8221; hengess\u00e4 2420g thin 450 e esittelyk\u00e4ytetty 22&#8243; Old Time prototyyppi Suurikelloinen sorvattu ride 70&#8217;s &#8221;K&#8221; hengess\u00e4 2410g thin 450 e esittelyk\u00e4ytetty 22&#8243; Aihio Symbaaliaihio, kokonaan k\u00e4sittelem\u00e4t\u00f6n 2802g 350 e esittelyk\u00e4ytetty 21&#8243; &hellip; <\/p>\n<p class=\"link-more\"><a href=\"https:\/\/www.bosphorus.fi\/?page_id=11\" class=\"more-link\">Jatka lukemista<span class=\"screen-reader-text\"> &#8221;Uutuuksia ja tarjouksia&#8221;<\/span><\/a><\/p>\n","protected":false},"author":1,"featured_media":0,"parent":9,"menu_order":0,"comment_status":"closed","ping_status":"closed","template":"page_bosphorus.php","meta":{"_editorskit_title_hidden":false,"_editorskit_reading_time":3,"_editorskit_is_block_options_detached":false,"_editorskit_block_options_position":"{}","footnotes":""},"class_list":["post-11","page","type-page","status-publish","hentry","entry"],"_links":{"self":[{"href":"https:\/\/www.bosphorus.fi\/index.php?rest_route=\/wp\/v2\/pages\/11","targetHints":{"allow":["GET"]}}],"collection":[{"href":"https:\/\/www.bosphorus.fi\/index.php?rest_route=\/wp\/v2\/pages"}],"about":[{"href":"https:\/\/www.bosphorus.fi\/index.php?rest_route=\/wp\/v2\/types\/page"}],"author":[{"embeddable":true,"href":"https:\/\/www.bosphorus.fi\/index.php?rest_route=\/wp\/v2\/users\/1"}],"replies":[{"embeddable":true,"href":"https:\/\/www.bosphorus.fi\/index.php?rest_route=%2Fwp%2Fv2%2Fcomments&post=11"}],"version-history":[{"count":100,"href":"https:\/\/www.bosphorus.fi\/index.php?rest_route=\/wp\/v2\/pages\/11\/revisions"}],"predecessor-version":[{"id":2996,"href":"https:\/\/www.bosphorus.fi\/index.php?rest_route=\/wp\/v2\/pages\/11\/revisions\/2996"}],"up":[{"embeddable":true,"href":"https:\/\/www.bosphorus.fi\/index.php?rest_route=\/wp\/v2\/pages\/9"}],"wp:attachment":[{"href":"https:\/\/www.bosphorus.fi\/index.php?rest_route=%2Fwp%2Fv2%2Fmedia&parent=11"}],"curies":[{"name":"wp","href":"https:\/\/api.w.org\/{rel}","templated":true}]}}