{"id":103,"date":"2019-09-11T19:41:08","date_gmt":"2019-09-11T16:41:08","guid":{"rendered":"http:\/\/192.168.99.100:8000\/?page_id=103"},"modified":"2024-12-02T21:44:42","modified_gmt":"2024-12-02T21:44:42","slug":"extrat-protot-jne","status":"publish","type":"page","link":"https:\/\/www.bosphorus.fi\/?page_id=103","title":{"rendered":"Prototyypit &#038; Extrat"},"content":{"rendered":"\n<p><strong><em>Prototyyppi3<\/em><\/strong> I N\u00e4m\u00e4 symbaalit ovat Special3-sarjaan pohjautuvia prototyyppej\u00e4.<\/p>\n\n\n\n<figure class=\"wp-block-image size-large\"><img loading=\"lazy\" decoding=\"async\" width=\"1024\" height=\"913\" src=\"https:\/\/www.bosphorus.fi\/wp-content\/uploads\/Prototype3m1-1024x913.jpg\" alt=\"\" class=\"wp-image-845\" srcset=\"https:\/\/www.bosphorus.fi\/wp-content\/uploads\/Prototype3m1-1024x913.jpg 1024w, https:\/\/www.bosphorus.fi\/wp-content\/uploads\/Prototype3m1-300x267.jpg 300w, https:\/\/www.bosphorus.fi\/wp-content\/uploads\/Prototype3m1-768x685.jpg 768w, https:\/\/www.bosphorus.fi\/wp-content\/uploads\/Prototype3m1.jpg 1273w\" sizes=\"auto, (max-width: 1024px) 100vw, 1024px\" \/><figcaption class=\"wp-element-caption\"><strong><span class=\"has-inline-color has-dark-gray-color\">21&#8243; Prototyyppi3<\/span><\/strong><\/figcaption><\/figure>\n\n\n\n<figure class=\"wp-block-table is-style-stripes\"><table><tbody><tr><td><strong>Koko<\/strong><\/td><td><strong>Tyyppi, malli ja paino<\/strong><\/td><td><strong><strong>Varastohinta, ei sis\u00e4ll\u00e4 ALVia<\/strong><\/strong><\/td><td><strong>Lis\u00e4tietoja<\/strong><\/td><\/tr><tr><td>22&#8243;<\/td><td>2423 g<\/td><td>355 e<\/td><td>esittelyk\u00e4ytetty<\/td><\/tr><tr><td>22&#8243;<\/td><td>2360 g<\/td><td>355 e<\/td><td>esittelyk\u00e4ytetty<\/td><\/tr><tr><td>22&#8243;<\/td><td>2250 g<\/td><td>355 e<\/td><td>esittelyk\u00e4ytetty<\/td><\/tr><tr><td>21&#8243;<\/td><td>2170 g<\/td><td>325 e<\/td><td>esittelyk\u00e4ytetty<\/td><\/tr><tr><td>18&#8243;<\/td><td>Turk Trash Crash 1207 g<\/td><td>240 e<\/td><td>esittelyk\u00e4ytetty<\/td><\/tr><tr><td>18&#8243;<\/td><td>Turk Trash Crash 1205 g<\/td><td>240 e<\/td><td>esittelyk\u00e4ytetty<\/td><\/tr><tr><td>17&#8243;<\/td><td>Crash 1187 g<\/td><td>215 e<\/td><td>esittelyk\u00e4ytetty<\/td><\/tr><\/tbody><\/table><\/figure>\n\n\n\n<p><\/p>\n\n\n\n<p class=\"has-text-align-justify\"><strong><em>Flatbell<\/em><\/strong> I Erityisen matalalla kuvulla toteutettu symbaalimalli. Sointi ja ominaisuudet ovat kuvuttoman symbaalin ja perinteisen kuvullisen symbaalin v\u00e4lilt\u00e4. Flatbell-symbaalien ride ominaisuudet ovat l\u00e4hemp\u00e4n\u00e4 Flat Ride-mallista symbaalia crash ominaisuuksien muistuttaessa normaalia kuvullista symbaalia.<\/p>\n\n\n\n<figure class=\"wp-block-image size-large\"><img loading=\"lazy\" decoding=\"async\" width=\"1024\" height=\"923\" src=\"https:\/\/www.bosphorus.fi\/wp-content\/uploads\/Fbell19m1-1024x923.jpg\" alt=\"\" class=\"wp-image-842\" srcset=\"https:\/\/www.bosphorus.fi\/wp-content\/uploads\/Fbell19m1-1024x923.jpg 1024w, https:\/\/www.bosphorus.fi\/wp-content\/uploads\/Fbell19m1-300x270.jpg 300w, https:\/\/www.bosphorus.fi\/wp-content\/uploads\/Fbell19m1-768x692.jpg 768w, https:\/\/www.bosphorus.fi\/wp-content\/uploads\/Fbell19m1.jpg 1175w\" sizes=\"auto, (max-width: 1024px) 100vw, 1024px\" \/><figcaption class=\"wp-element-caption\"><strong><span class=\"has-inline-color has-dark-gray-color\">20&#8243; Turk Brilliant Flatbell ride<\/span><\/strong><\/figcaption><\/figure>\n\n\n\n<p><\/p>\n\n\n\n<figure class=\"wp-block-table is-style-stripes\"><table><tbody><tr><td><strong>Koko<\/strong><\/td><td><strong>Tyyppi, malli ja koko<\/strong><\/td><td><strong>Varastohinta, sis. ALV 24% paitsi esittelyk\u00e4ytetyt 0%<\/strong><\/td><td><strong>Lis\u00e4tietoja<\/strong><\/td><\/tr><tr><td>22&#8243;<\/td><td>Turk brilliant 3020 g<\/td><td>295 e<\/td><td>esittelyk\u00e4ytetty<\/td><\/tr><tr><td>22&#8243;<\/td><td>Turk brilliant 2560 g<\/td><td>355 e<\/td><td>esittelyk\u00e4ytetty<\/td><\/tr><tr><td>20&#8243;<\/td><td>Turk<br>1780 g&nbsp; <\/td><td>295 e<\/td><td>esittelyk\u00e4ytetty<\/td><\/tr><\/tbody><\/table><\/figure>\n\n\n\n<p><\/p>\n\n\n\n<p class=\"has-text-align-justify\"><strong><em>Custom<\/em><\/strong> I Yksi suunnittelemistani virallisen katalogin ulkopuolisista symbaalisarjoista. Erityisesti sarjan ride- ja crash ride-mallit ovat saaneet innostuneen vastaanoton.<\/p>\n\n\n\n<figure class=\"wp-block-image size-large\"><img loading=\"lazy\" decoding=\"async\" width=\"872\" height=\"802\" src=\"https:\/\/www.bosphorus.fi\/wp-content\/uploads\/Cust19m1.jpg\" alt=\"\" class=\"wp-image-777\" srcset=\"https:\/\/www.bosphorus.fi\/wp-content\/uploads\/Cust19m1.jpg 872w, https:\/\/www.bosphorus.fi\/wp-content\/uploads\/Cust19m1-300x276.jpg 300w, https:\/\/www.bosphorus.fi\/wp-content\/uploads\/Cust19m1-768x706.jpg 768w\" sizes=\"auto, (max-width: 872px) 100vw, 872px\" \/><figcaption class=\"wp-element-caption\"><strong><span class=\"has-inline-color has-dark-gray-color\">19&#8243; Custom<\/span><\/strong><\/figcaption><\/figure>\n\n\n<div class=\"wp-block-image\">\n<figure class=\"alignleft is-resized\"><img decoding=\"async\" src=\"\/tuotteet\/cust1toka.jpg\" alt=\"\" style=\"width:361px;height:300px\"\/><figcaption class=\"wp-element-caption\"><strong><span class=\"has-inline-color has-dark-gray-color\">20&#8243; Custom Ride<\/span><\/strong><\/figcaption><\/figure>\n<\/div>\n\n<div class=\"wp-block-image\">\n<figure class=\"alignleft is-resized\"><img decoding=\"async\" src=\"\/tuotteet\/cust1bot.jpg\" alt=\"\" style=\"width:300px;height:300px\"\/><figcaption class=\"wp-element-caption\"><strong><span class=\"has-inline-color has-dark-gray-color\">20&#8243; Custom Ride (alapinta)<\/span><\/strong><\/figcaption><\/figure>\n<\/div>\n\n\n<p><br><\/p>\n\n\n\n<p><br><br><br><\/p>\n\n\n\n<p><br><\/p>\n\n\n\n<p><\/p>\n\n\n\n<p><\/p>\n\n\n\n<p><\/p>\n\n\n\n<p><\/p>\n\n\n\n<p><\/p>\n\n\n\n<p><\/p>\n\n\n\n<p><br><br><br><br><br><br><br><br><\/p>\n\n\n\n<p><\/p>\n\n\n\n<p><\/p>\n\n\n\n<p><br><br><\/p>\n\n\n\n<figure class=\"wp-block-table is-style-stripes\"><table><tbody><tr><td><strong>Koko<\/strong><\/td><td><strong>Tyyppi, malli ja paino<\/strong><\/td><td><strong>Varastohinta, sis. ALV 24% paitsi esittelyk\u00e4ytetyt 0%<\/strong><\/td><td><strong>Lis\u00e4tietoja<\/strong><\/td><\/tr><tr><td>22&#8243;<\/td><td>Ride 2150 g<\/td><td>395 e<\/td><td>esittelyk\u00e4ytetty<\/td><\/tr><tr><td>21&#8243;<\/td><td>Ride 2450 g<\/td><td>365 e<\/td><td>esittelyk\u00e4ytetty<\/td><\/tr><tr><td>21&#8243;<\/td><td>Ride 2068 g<\/td><td>365 e<\/td><td>esittelyk\u00e4ytetty<\/td><\/tr><tr><td>18&#8243;<\/td><td>Crash 1250 g<\/td><td>265 e<\/td><td>esittelyk\u00e4ytetty<\/td><\/tr><tr><td>14&#8243;<\/td><td>Hihat paper thin 820 g\/1040 g<\/td><td>355 e<\/td><td>esittelyk\u00e4ytetty<\/td><\/tr><tr><td>14&#8243;<\/td><td>Hihat ultra thin 682 g\/838 g<\/td><td>355 e<\/td><td>esittelyk\u00e4ytetty<\/td><\/tr><\/tbody><\/table><\/figure>\n\n\n\n<p><\/p>\n\n\n\n<p class=\"has-text-align-justify\"><strong><em>Oracle-sarja<\/em><\/strong> I Yhdysvaltalaiselle Ralph Petersonille suunniteltu linjasto. N\u00e4iden symbaalien paksuudet kulkevat asteikolla thin-paper thin. Oracle-sarjaan kuuluvat suurikupuiset 22&#8243; ja 20&#8243; ride-mallit, 18&#8243; ja 16&#8243; crash-mallit perinteisen kokoisella kuvulla, sek\u00e4 14&#8243; hihat jonka alasymbaalissa on 12mm ilmareik\u00e4. Sarjan ride-symbaalien kuvut ovat huomattavan suuria ja se tuo laajuutta muuten kontrolloituun yleissointiin. Sarjan valmistus on lopetettu ja allamainitut yksil\u00f6t ovat varastoni viimeiset kappaleet. <\/p>\n\n\n<div class=\"wp-block-image\">\n<figure class=\"alignleft is-resized\"><img decoding=\"async\" src=\"\/uploads\/images\/orac20www2.jpg\" alt=\"\" style=\"width:318px;height:169px\"\/><figcaption class=\"wp-element-caption\"><strong><span class=\"has-inline-color has-dark-gray-color\">20&#8243; Oracle Ride<\/span><\/strong><\/figcaption><\/figure>\n<\/div>\n\n<div class=\"wp-block-image\">\n<figure class=\"alignleft is-resized\"><img decoding=\"async\" src=\"\/uploads\/images\/orac20alta.jpg\" alt=\"\" style=\"width:318px;height:169px\"\/><figcaption class=\"wp-element-caption\"><span class=\"has-inline-color has-dark-gray-color\"><strong>20&#8243; Oracle Ride (alapinta)<\/strong><\/span><\/figcaption><\/figure>\n<\/div>\n\n<div class=\"wp-block-image\">\n<figure class=\"alignleft is-resized\"><img decoding=\"async\" src=\"\/uploads\/images\/orac18www1.jpg\" alt=\"\" style=\"width:289px;height:169px\"\/><figcaption class=\"wp-element-caption\"><strong><span class=\"has-inline-color has-dark-gray-color\">18&#8243; Oracle Crash<\/span><\/strong><\/figcaption><\/figure>\n<\/div>\n\n\n<p>      <br><br><br><br><br><br><br><br><br><br>                                                                                   <\/p>\n\n\n\n<p><br><br><br><\/p>\n\n\n\n<p><\/p>\n\n\n\n<p><\/p>\n\n\n\n<p><\/p>\n\n\n\n<p><br><br><\/p>\n\n\n\n<p><\/p>\n\n\n\n<figure class=\"wp-block-table is-style-stripes\"><table><tbody><tr><td><strong>Koko<\/strong><\/td><td><strong>Tyyppi, malli ja paino<\/strong><\/td><td><strong><strong>Varastohinta, sis. ALV 24% paitsi esittelyk\u00e4ytetyt 0%<\/strong><\/strong><\/td><td><strong>Lis\u00e4tietoja<\/strong><\/td><\/tr><tr><td>22&#8243;<\/td><td>Ride special thin 2250 g<\/td><td>350 e<\/td><td>esittelyk\u00e4ytetty<\/td><\/tr><tr><td>20&#8243;<\/td><td>Crash Ride paper thin  1900 g<\/td><td>305 e<\/td><td>esittelyk\u00e4ytetty<\/td><\/tr><tr><td>18&#8243;<\/td><td>Crash thin 1378 g<\/td><td>250 e<\/td><td>esittelyk\u00e4ytetty<\/td><\/tr><\/tbody><\/table><\/figure>\n","protected":false},"excerpt":{"rendered":"<p>Prototyyppi3 I N\u00e4m\u00e4 symbaalit ovat Special3-sarjaan pohjautuvia prototyyppej\u00e4. Koko Tyyppi, malli ja paino Varastohinta, ei sis\u00e4ll\u00e4 ALVia Lis\u00e4tietoja 22&#8243; 2423 g 355 e esittelyk\u00e4ytetty 22&#8243; 2360 g 355 e esittelyk\u00e4ytetty 22&#8243; 2250 g 355 e esittelyk\u00e4ytetty 21&#8243; 2170 g 325 e esittelyk\u00e4ytetty 18&#8243; Turk Trash Crash 1207 g 240 e esittelyk\u00e4ytetty 18&#8243; Turk Trash Crash &hellip; <\/p>\n<p class=\"link-more\"><a href=\"https:\/\/www.bosphorus.fi\/?page_id=103\" class=\"more-link\">Jatka lukemista<span class=\"screen-reader-text\"> &#8221;Prototyypit &#038; Extrat&#8221;<\/span><\/a><\/p>\n","protected":false},"author":1,"featured_media":0,"parent":9,"menu_order":0,"comment_status":"closed","ping_status":"closed","template":"page_bosphorus.php","meta":{"_editorskit_title_hidden":false,"_editorskit_reading_time":2,"_editorskit_is_block_options_detached":false,"_editorskit_block_options_position":"{}","footnotes":""},"class_list":["post-103","page","type-page","status-publish","hentry","entry"],"_links":{"self":[{"href":"https:\/\/www.bosphorus.fi\/index.php?rest_route=\/wp\/v2\/pages\/103","targetHints":{"allow":["GET"]}}],"collection":[{"href":"https:\/\/www.bosphorus.fi\/index.php?rest_route=\/wp\/v2\/pages"}],"about":[{"href":"https:\/\/www.bosphorus.fi\/index.php?rest_route=\/wp\/v2\/types\/page"}],"author":[{"embeddable":true,"href":"https:\/\/www.bosphorus.fi\/index.php?rest_route=\/wp\/v2\/users\/1"}],"replies":[{"embeddable":true,"href":"https:\/\/www.bosphorus.fi\/index.php?rest_route=%2Fwp%2Fv2%2Fcomments&post=103"}],"version-history":[{"count":104,"href":"https:\/\/www.bosphorus.fi\/index.php?rest_route=\/wp\/v2\/pages\/103\/revisions"}],"predecessor-version":[{"id":2888,"href":"https:\/\/www.bosphorus.fi\/index.php?rest_route=\/wp\/v2\/pages\/103\/revisions\/2888"}],"up":[{"embeddable":true,"href":"https:\/\/www.bosphorus.fi\/index.php?rest_route=\/wp\/v2\/pages\/9"}],"wp:attachment":[{"href":"https:\/\/www.bosphorus.fi\/index.php?rest_route=%2Fwp%2Fv2%2Fmedia&parent=103"}],"curies":[{"name":"wp","href":"https:\/\/api.w.org\/{rel}","templated":true}]}}